{"id":16251,"date":"2026-02-04T08:59:12","date_gmt":"2026-02-04T07:59:12","guid":{"rendered":"https:\/\/footballuniver.com\/product\/maillot-real-madrid-maillot-concept\/"},"modified":"2026-02-04T08:59:14","modified_gmt":"2026-02-04T07:59:14","slug":"maillot-real-madrid-maillot-concept","status":"publish","type":"product","link":"https:\/\/footballuniver.com\/ar\/product\/maillot-real-madrid-maillot-concept\/","title":{"rendered":"\u0642\u0645\u064a\u0635 \u0631\u064a\u0627\u0644 \u0645\u062f\u0631\u064a\u062f - \u0625\u0635\u062f\u0627\u0631 \u062e\u0627\u0635"},"content":{"rendered":"<p><meta charset=\"utf-8\"><\/p>\n<p class=\"p1\" data-mce-fragment=\"1\"><b data-mce-fragment=\"1\"><span data-mce-fragment=\"1\">TAILLE<\/span><\/b><span data-mce-fragment=\"1\">       :<\/span><span data-mce-fragment=\"1\"> <\/span><\/p>\n<p class=\"p1\" data-mce-fragment=\"1\"><span data-mce-fragment=\"1\">Pour les maillots version fan, votre taille habituelle est convenable pour ces maillots.<\/span><\/p>\n<p class=\"p1\" data-mce-fragment=\"1\"><span data-mce-fragment=\"1\">Pour les maillots version player il vous est conseill\u00e9 de prendre une taille au-dessus de la v\u00f4tre (si vous faites du S prenez du M&#8230;)<\/span><\/p>\n<p class=\"p1\" data-mce-fragment=\"1\"><b data-mce-fragment=\"1\"><span data-mce-fragment=\"1\">LIVRAISON :<\/span><\/b><\/p>\n<p class=\"p1\" data-mce-fragment=\"1\"><span data-mce-fragment=\"1\">Nous livrons dans le monde entier.  Apr\u00e8s votre commande, nous la traitons et l&#8217;envoyons apr\u00e8s 1 semaines, par la suite nous vous envoyons vos num\u00e9ros de suivi et vous recevez votre colis apr\u00e8s 12 jours de livraison.<\/span><\/p>\n<div class=\"care-instructions___3scEd\" data-mce-fragment=\"1\">\n<h4 class=\"care-title___2YJe1 gl-no-margin-bottom\" data-mce-fragment=\"1\"><span data-mce-fragment=\"1\">INSTRUCTIONS DE LAVAGE<\/span><\/h4>\n<ul class=\"\" data-mce-fragment=\"1\">\n<li class=\"gl-vspace-bpall-small\" data-mce-fragment=\"1\">\n<img decoding=\"async\" height=\"24\" width=\"24\" alt=\"\" src=\"https:\/\/www.adidas.fr\/glass\/react\/88cf0c4\/assets\/img\/washing-instructions\/B1.svg\" data-mce-fragment=\"1\" data-mce-src=\"https:\/\/www.adidas.fr\/glass\/react\/88cf0c4\/assets\/img\/washing-instructions\/B1.svg\"><span data-mce-fragment=\"1\">Ne pas utiliser d&#8217;agent de blanchiment<\/span>\n<\/li>\n<li class=\"gl-vspace-bpall-small\" data-mce-fragment=\"1\">\n<img decoding=\"async\" height=\"24\" width=\"24\" alt=\"\" src=\"https:\/\/www.adidas.fr\/glass\/react\/88cf0c4\/assets\/img\/washing-instructions\/C1.svg\" data-mce-fragment=\"1\" data-mce-src=\"https:\/\/www.adidas.fr\/glass\/react\/88cf0c4\/assets\/img\/washing-instructions\/C1.svg\"><span data-mce-fragment=\"1\">Ne pas mettre au s\u00e8che-linge<\/span>\n<\/li>\n<li class=\"gl-vspace-bpall-small\" data-mce-fragment=\"1\">\n<img decoding=\"async\" height=\"24\" width=\"24\" alt=\"\" src=\"https:\/\/www.adidas.fr\/glass\/react\/88cf0c4\/assets\/img\/washing-instructions\/E1.svg\" data-mce-fragment=\"1\" data-mce-src=\"https:\/\/www.adidas.fr\/glass\/react\/88cf0c4\/assets\/img\/washing-instructions\/E1.svg\"><span data-mce-fragment=\"1\">Ne pas laver \u00e0 sec<\/span>\n<\/li>\n<li class=\"gl-vspace-bpall-small\" data-mce-fragment=\"1\">\n<img decoding=\"async\" height=\"24\" width=\"24\" alt=\"\" src=\"https:\/\/www.adidas.fr\/glass\/react\/88cf0c4\/assets\/img\/washing-instructions\/D2.svg\" data-mce-fragment=\"1\" data-mce-src=\"https:\/\/www.adidas.fr\/glass\/react\/88cf0c4\/assets\/img\/washing-instructions\/D2.svg\"><span data-mce-fragment=\"1\">Repassage \u00e0 fer doux<\/span>\n<\/li>\n<li class=\"gl-vspace-bpall-small\" data-mce-fragment=\"1\">\n<img decoding=\"async\" height=\"24\" width=\"24\" alt=\"\" src=\"https:\/\/www.adidas.fr\/glass\/react\/88cf0c4\/assets\/img\/washing-instructions\/A3.svg\" data-mce-fragment=\"1\" data-mce-src=\"https:\/\/www.adidas.fr\/glass\/react\/88cf0c4\/assets\/img\/washing-instructions\/A3.svg\"><span data-mce-fragment=\"1\">Lavage en machine \u00e0 l\u00b4eau froide<\/span>\n<\/li>\n<\/ul>\n<h4 data-mce-fragment=\"1\">\n<meta charset=\"utf-8\"><br \/>\n<span data-mce-fragment=\"1\">INFORMATIONS D&#8217;ENTRETIEN<\/span><br \/>\n<\/h4>\n<\/div>\n<ul class=\"ul1\" data-mce-fragment=\"1\">\n<li class=\"li1\" data-mce-fragment=\"1\">\n<h4 data-mce-fragment=\"1\"><span data-mce-fragment=\"1\">Ne pas utiliser d&#8217;assouplissant<\/span><\/h4>\n<\/li>\n<li class=\"li1\" data-mce-fragment=\"1\">\n<h4 data-mce-fragment=\"1\">\n<span class=\"s1\" data-mce-fragment=\"1\"><\/span><span data-mce-fragment=\"1\">Lavage et repassage \u00e0 l&#8217;envers<\/span><br \/>\n<\/h4>\n<\/li>\n<li class=\"li1\" data-mce-fragment=\"1\">\n<h4 data-mce-fragment=\"1\">\n<span class=\"s1\" data-mce-fragment=\"1\"><\/span><span data-mce-fragment=\"1\">Supprimer imm\u00e9diatement<\/span><br \/>\n<\/h4>\n<\/li>\n<li class=\"li1\" data-mce-fragment=\"1\">\n<h4 data-mce-fragment=\"1\">\n<span class=\"s1\" data-mce-fragment=\"1\"><\/span><span data-mce-fragment=\"1\">Laver avec les m\u00eames couleurs<\/span><br \/>\n<\/h4>\n<\/li>\n<\/ul>","protected":false},"excerpt":{"rendered":"<p>TAILLE : Pour les maillots version fan, votre taille habituelle est convenable pour ces maillots. Pour les maillots version player il vous est conseill\u00e9 de prendre une taille au-dessus de la v\u00f4tre (si vous faites du S prenez du M&#8230;) LIVRAISON : Nous livrons dans le monde entier. Apr\u00e8s votre commande, nous la traitons et [&hellip;]<\/p>\n","protected":false},"featured_media":23141,"comment_status":"open","ping_status":"closed","template":"","meta":[],"product_brand":[],"product_cat":[229,235],"product_tag":[],"class_list":{"0":"post-16251","1":"product","2":"type-product","3":"status-publish","4":"has-post-thumbnail","6":"product_cat-real-madrid","7":"product_cat-special","8":"tm-has-options","10":"first","11":"instock","12":"shipping-taxable","13":"purchasable","14":"product-type-variable"},"jetpack_sharing_enabled":true,"_links":{"self":[{"href":"https:\/\/footballuniver.com\/ar\/wp-json\/wp\/v2\/product\/16251","targetHints":{"allow":["GET"]}}],"collection":[{"href":"https:\/\/footballuniver.com\/ar\/wp-json\/wp\/v2\/product"}],"about":[{"href":"https:\/\/footballuniver.com\/ar\/wp-json\/wp\/v2\/types\/product"}],"replies":[{"embeddable":true,"href":"https:\/\/footballuniver.com\/ar\/wp-json\/wp\/v2\/comments?post=16251"}],"version-history":[{"count":0,"href":"https:\/\/footballuniver.com\/ar\/wp-json\/wp\/v2\/product\/16251\/revisions"}],"wp:featuredmedia":[{"embeddable":true,"href":"https:\/\/footballuniver.com\/ar\/wp-json\/wp\/v2\/media\/23141"}],"wp:attachment":[{"href":"https:\/\/footballuniver.com\/ar\/wp-json\/wp\/v2\/media?parent=16251"}],"wp:term":[{"taxonomy":"product_brand","embeddable":true,"href":"https:\/\/footballuniver.com\/ar\/wp-json\/wp\/v2\/product_brand?post=16251"},{"taxonomy":"product_cat","embeddable":true,"href":"https:\/\/footballuniver.com\/ar\/wp-json\/wp\/v2\/product_cat?post=16251"},{"taxonomy":"product_tag","embeddable":true,"href":"https:\/\/footballuniver.com\/ar\/wp-json\/wp\/v2\/product_tag?post=16251"}],"curies":[{"name":"wp","href":"https:\/\/api.w.org\/{rel}","templated":true}]}}