{"id":191,"date":"2024-06-10T08:16:00","date_gmt":"2024-06-10T08:16:00","guid":{"rendered":"https:\/\/raw.githubusercontent.com\/drfuri\/demo-content\/main\/ecomus\/fashion\/images\/?page_id=191"},"modified":"2024-06-10T08:16:00","modified_gmt":"2024-06-10T08:16:00","slug":"terms-conditions","status":"publish","type":"page","link":"https:\/\/footballuniver.com\/de\/terms-conditions\/","title":{"rendered":"Bedingungen und Konditionen"},"content":{"rendered":"<div data-elementor-type=\"wp-page\" data-elementor-id=\"191\" class=\"elementor elementor-191\" data-elementor-post-type=\"page\">\n\t\t\t\t<div class=\"elementor-element elementor-element-7046a722 e-flex e-con-boxed ecomus-responsive-column ecomus-tablet-column--default ecomus-responsive-column ecomus-mobile-column--default e-con e-parent\" data-id=\"7046a722\" data-element_type=\"container\" data-e-type=\"container\">\n\t\t\t\t\t<div class=\"e-con-inner\">\n\t\t<div class=\"elementor-element elementor-element-634d2eb0 e-con-full e-flex ecomus-responsive-column ecomus-tablet-column--default ecomus-responsive-column ecomus-mobile-column--default e-con e-child\" data-id=\"634d2eb0\" data-element_type=\"container\" data-e-type=\"container\">\n\t\t\t\t<\/div>\n\t\t<div class=\"elementor-element elementor-element-657831f0 e-con-full e-flex ecomus-responsive-column ecomus-tablet-column--default ecomus-responsive-column ecomus-mobile-column--default e-con e-child\" data-id=\"657831f0\" data-element_type=\"container\" data-e-type=\"container\">\n\t\t\t\t<div class=\"elementor-element elementor-element-5f493022 elementor-widget elementor-widget-ecomus-heading\" data-id=\"5f493022\" data-element_type=\"widget\" data-e-type=\"widget\" data-widget_type=\"ecomus-heading.default\">\n\t\t\t\t<div class=\"elementor-widget-container\">\n\t\t\t\t\t\t\t<div class=\"ecomus-heading-elementor\">\n\t\t\t\t<h5 class=\"ecomus-heading em-flex em-flex-align-center ecomus-heading--default\">\n\t\t\t\t\t\t\t\t\t\t\u00c4nderungen der Allgemeinen Gesch\u00e4ftsbedingungen\n\t\t\t\t<\/h5>\n\t\t\t<\/div>\n\t\t\t\t\t\t<\/div>\n\t\t\t\t<\/div>\n\t\t\t\t<div class=\"elementor-element elementor-element-3e31e9d1 elementor-widget elementor-widget-text-editor\" data-id=\"3e31e9d1\" data-element_type=\"widget\" data-e-type=\"widget\" data-widget_type=\"text-editor.default\">\n\t\t\t\t\t\t\t\t\t<p>Wir behalten uns das Recht vor, diese Nutzungsbedingungen jederzeit und ohne vorherige Ank\u00fcndigung zu aktualisieren oder zu \u00e4ndern. Die fortgesetzte Nutzung von shop.company.com und shop.beetle.com.sg nach solchen \u00c4nderungen gilt als Ihre Zustimmung zu den ge\u00e4nderten Bedingungen. Wir empfehlen Ihnen, diese Bedingungen regelm\u00e4\u00dfig bei jedem Besuch unserer Website zu \u00fcberpr\u00fcfen.<\/p>\t\t\t\t\t\t\t\t<\/div>\n\t\t\t\t<div class=\"elementor-element elementor-element-75bfc54 elementor-widget elementor-widget-ecomus-heading\" data-id=\"75bfc54\" data-element_type=\"widget\" data-e-type=\"widget\" data-widget_type=\"ecomus-heading.default\">\n\t\t\t\t<div class=\"elementor-widget-container\">\n\t\t\t\t\t\t\t<div class=\"ecomus-heading-elementor\">\n\t\t\t\t<h5 class=\"ecomus-heading em-flex em-flex-align-center ecomus-heading--default\">\n\t\t\t\t\t\t\t\t\t\tHaftungsbeschr\u00e4nkung\n\t\t\t\t<\/h5>\n\t\t\t<\/div>\n\t\t\t\t\t\t<\/div>\n\t\t\t\t<\/div>\n\t\t\t\t<div class=\"elementor-element elementor-element-76cec16 elementor-widget elementor-widget-text-editor\" data-id=\"76cec16\" data-element_type=\"widget\" data-e-type=\"widget\" data-widget_type=\"text-editor.default\">\n\t\t\t\t\t\t\t\t\t<p>Die Company Pte Ltd \u00fcbernimmt keine Verantwortung und haftet nicht f\u00fcr Sch\u00e4den an Ihrem Computer, Ihren Telekommunikationsger\u00e4ten oder anderem Eigentum, die durch den Zugriff auf diese Website, deren Nutzung oder das Herunterladen von Material von dieser Website entstehen, oder f\u00fcr Viren, die Ihren Computer, Ihre Telekommunikationsger\u00e4te oder anderes Eigentum beeintr\u00e4chtigen k\u00f6nnten. WEDER DIE COMPANY PRIVATE LIMITED NOCH IHRE F\u00dcHRUNGSKR\u00c4FTE, DIREKTOREN, MITARBEITER, AKTION\u00c4RE, VERBUNDENEN UNTERNEHMEN, VERTRETER, NACHFOLGER, ZESSIONARE, EINZELHANDELSPARTNER NOCH JEDE AN DER ERSTELLUNG, PRODUKTION ODER \u00dcBERTRAGUNG DIESER WEBSITE BETEILIGTE PARTEIEN HAFTEN F\u00dcR INDIREKTE, BESONDERE, STRAF-, ZUF\u00c4LLIGE ODER FOLGESCH\u00c4DEN, EINSCHLIESSLICH, ABER NICHT BESCHR\u00c4NKT AUF ENTGANGENEN GEWINN, DATENVERLUST ODER BETRIEBSUNTERBRECHUNG, DIE SICH AUS DER NUTZUNG, DER UNM\u00d6GLICHKEIT DER NUTZUNG ODER DEN ERGEBNISSEN DER NUTZUNG DIESER WEBSITE, VERLINKTER SEITEN ODER VON MATERIALIEN, INFORMATIONEN ODER DIENSTLEISTUNGEN AUF SOLCHEN SEITEN ERGEBEN, UNABH\u00c4NGIG DAVON, OB DIESE AUF GEW\u00c4HRLEISTUNG, VERTRAG, UNERLAUBTER HANDLUNG ODER EINEM ANDEREN RECHTSGRUND BERUHEN. THEORIE UND UNABH\u00c4NGIG DAVON, OB AUF DIE M\u00d6GLICHKEIT SOLCHER SCH\u00c4DEN HINGEWIESEN WURDE. DIESE HAFTUNGSBESCHR\u00c4NKUNGEN GELTEN NICHT, SOWEIT DIES GESETZLICH VERBOTEN IST; BITTE BEACHTEN SIE DIE GESETZLICHEN GESETZE F\u00dcR SOLCHE VERBOTE.<\/p><p>Sollten Sie Probleme mit dieser Website oder deren Inhalten haben, besteht Ihre einzige M\u00f6glichkeit darin, die Nutzung der Website einzustellen. Bei Problemen mit Produkten oder Dienstleistungen, die Sie \u00fcber diese Website erworben haben, wenden Sie sich bitte gem\u00e4\u00df den Garantiebestimmungen an den Hersteller oder Lieferanten oder beantragen Sie eine R\u00fcckgabe und Erstattung gem\u00e4\u00df unserer R\u00fcckgabe- und Erstattungsrichtlinie. Bitte beachten Sie, dass diese Website Ungenauigkeiten oder Fehler enthalten kann und wir nicht garantieren, dass die Inhalte fehlerfrei oder ununterbrochen verf\u00fcgbar sind.<\/p>\t\t\t\t\t\t\t\t<\/div>\n\t\t\t\t<div class=\"elementor-element elementor-element-3cbfd28 elementor-widget elementor-widget-ecomus-heading\" data-id=\"3cbfd28\" data-element_type=\"widget\" data-e-type=\"widget\" data-widget_type=\"ecomus-heading.default\">\n\t\t\t\t<div class=\"elementor-widget-container\">\n\t\t\t\t\t\t\t<div class=\"ecomus-heading-elementor\">\n\t\t\t\t<h5 class=\"ecomus-heading em-flex em-flex-align-center ecomus-heading--default\">\n\t\t\t\t\t\t\t\t\t\tUrheberrecht und Markenrecht\t\t\t\t<\/h5>\n\t\t\t<\/div>\n\t\t\t\t\t\t<\/div>\n\t\t\t\t<\/div>\n\t\t\t\t<div class=\"elementor-element elementor-element-45a20b8 elementor-widget elementor-widget-text-editor\" data-id=\"45a20b8\" data-element_type=\"widget\" data-e-type=\"widget\" data-widget_type=\"text-editor.default\">\n\t\t\t\t\t\t\t\t\t<p>S\u00e4mtliche Inhalte dieser Website, einschlie\u00dflich Texte, Bilder, Illustrationen, Software, Audio- und Videoclips sowie Animationen, sind urheberrechtlich und markenrechtlich gesch\u00fctzt. Ohne unsere vorherige schriftliche Zustimmung ist es Ihnen nicht gestattet, Inhalte dieser Website zu kopieren, zu vervielf\u00e4ltigen, zu ver\u00e4ndern, zu verbreiten oder zu \u00fcbertragen. Alle Rechte vorbehalten.<\/p>\t\t\t\t\t\t\t\t<\/div>\n\t\t\t\t<div class=\"elementor-element elementor-element-00fa865 elementor-widget elementor-widget-ecomus-heading\" data-id=\"00fa865\" data-element_type=\"widget\" data-e-type=\"widget\" data-widget_type=\"ecomus-heading.default\">\n\t\t\t\t<div class=\"elementor-widget-container\">\n\t\t\t\t\t\t\t<div class=\"ecomus-heading-elementor\">\n\t\t\t\t<h5 class=\"ecomus-heading em-flex em-flex-align-center ecomus-heading--default\">\n\t\t\t\t\t\t\t\t\t\tProdukte, Inhalte und Spezifikationen\t\t\t\t<\/h5>\n\t\t\t<\/div>\n\t\t\t\t\t\t<\/div>\n\t\t\t\t<\/div>\n\t\t\t\t<div class=\"elementor-element elementor-element-d36697b elementor-widget elementor-widget-text-editor\" data-id=\"d36697b\" data-element_type=\"widget\" data-e-type=\"widget\" data-widget_type=\"text-editor.default\">\n\t\t\t\t\t\t\t\t\t<p>S\u00e4mtliche Inhalte dieser Website, einschlie\u00dflich Texte, Bilder, Illustrationen, Software, Audio- und Videoclips sowie Animationen, sind urheberrechtlich und markenrechtlich gesch\u00fctzt. Ohne unsere vorherige schriftliche Zustimmung ist es Ihnen nicht gestattet, Inhalte dieser Website zu kopieren, zu vervielf\u00e4ltigen, zu ver\u00e4ndern, zu verbreiten oder zu \u00fcbertragen. Alle Rechte vorbehalten.<\/p>\t\t\t\t\t\t\t\t<\/div>\n\t\t\t\t<div class=\"elementor-element elementor-element-d9bff85 elementor-widget elementor-widget-ecomus-heading\" data-id=\"d9bff85\" data-element_type=\"widget\" data-e-type=\"widget\" data-widget_type=\"ecomus-heading.default\">\n\t\t\t\t<div class=\"elementor-widget-container\">\n\t\t\t\t\t\t\t<div class=\"ecomus-heading-elementor\">\n\t\t\t\t<h5 class=\"ecomus-heading em-flex em-flex-align-center ecomus-heading--default\">\n\t\t\t\t\t\t\t\t\t\tVersandbeschr\u00e4nkungen\t\t\t\t<\/h5>\n\t\t\t<\/div>\n\t\t\t\t\t\t<\/div>\n\t\t\t\t<\/div>\n\t\t\t\t<div class=\"elementor-element elementor-element-ac020e8 elementor-widget elementor-widget-text-editor\" data-id=\"ac020e8\" data-element_type=\"widget\" data-e-type=\"widget\" data-widget_type=\"text-editor.default\">\n\t\t\t\t\t\t\t\t\t<p>S\u00e4mtliche Inhalte dieser Website, einschlie\u00dflich Texte, Bilder, Illustrationen, Software, Audio- und Videoclips sowie Animationen, sind urheberrechtlich und markenrechtlich gesch\u00fctzt. Ohne unsere vorherige schriftliche Zustimmung ist es Ihnen nicht gestattet, Inhalte dieser Website zu kopieren, zu vervielf\u00e4ltigen, zu ver\u00e4ndern, zu verbreiten oder zu \u00fcbertragen. Alle Rechte vorbehalten.<\/p>\t\t\t\t\t\t\t\t<\/div>\n\t\t\t\t<div class=\"elementor-element elementor-element-225d050 elementor-widget elementor-widget-ecomus-heading\" data-id=\"225d050\" data-element_type=\"widget\" data-e-type=\"widget\" data-widget_type=\"ecomus-heading.default\">\n\t\t\t\t<div class=\"elementor-widget-container\">\n\t\t\t\t\t\t\t<div class=\"ecomus-heading-elementor\">\n\t\t\t\t<h5 class=\"ecomus-heading em-flex em-flex-align-center ecomus-heading--default\">\n\t\t\t\t\t\t\t\t\t\tIhr Konto\t\t\t\t<\/h5>\n\t\t\t<\/div>\n\t\t\t\t\t\t<\/div>\n\t\t\t\t<\/div>\n\t\t\t\t<div class=\"elementor-element elementor-element-5561515 elementor-widget elementor-widget-text-editor\" data-id=\"5561515\" data-element_type=\"widget\" data-e-type=\"widget\" data-widget_type=\"text-editor.default\">\n\t\t\t\t\t\t\t\t\t<p>S\u00e4mtliche Inhalte dieser Website, einschlie\u00dflich Texte, Bilder, Illustrationen, Software, Audio- und Videoclips sowie Animationen, sind urheberrechtlich und markenrechtlich gesch\u00fctzt. Ohne unsere vorherige schriftliche Zustimmung ist es Ihnen nicht gestattet, Inhalte dieser Website zu kopieren, zu vervielf\u00e4ltigen, zu ver\u00e4ndern, zu verbreiten oder zu \u00fcbertragen. Alle Rechte vorbehalten.<\/p>\t\t\t\t\t\t\t\t<\/div>\n\t\t\t\t<div class=\"elementor-element elementor-element-f48c8e7 elementor-widget elementor-widget-ecomus-heading\" data-id=\"f48c8e7\" data-element_type=\"widget\" data-e-type=\"widget\" data-widget_type=\"ecomus-heading.default\">\n\t\t\t\t<div class=\"elementor-widget-container\">\n\t\t\t\t\t\t\t<div class=\"ecomus-heading-elementor\">\n\t\t\t\t<h5 class=\"ecomus-heading em-flex em-flex-align-center ecomus-heading--default\">\n\t\t\t\t\t\t\t\t\t\tUmtausch- und R\u00fcckerstattungsrichtlinien (Online-Shop)\t\t\t\t<\/h5>\n\t\t\t<\/div>\n\t\t\t\t\t\t<\/div>\n\t\t\t\t<\/div>\n\t\t\t\t<div class=\"elementor-element elementor-element-0ff207c elementor-widget elementor-widget-text-editor\" data-id=\"0ff207c\" data-element_type=\"widget\" data-e-type=\"widget\" data-widget_type=\"text-editor.default\">\n\t\t\t\t\t\t\t\t\t<p>S\u00e4mtliche Inhalte dieser Website, einschlie\u00dflich Texte, Bilder, Illustrationen, Software, Audio- und Videoclips sowie Animationen, sind urheberrechtlich und markenrechtlich gesch\u00fctzt. Ohne unsere vorherige schriftliche Zustimmung ist es Ihnen nicht gestattet, Inhalte dieser Website zu kopieren, zu vervielf\u00e4ltigen, zu ver\u00e4ndern, zu verbreiten oder zu \u00fcbertragen. Alle Rechte vorbehalten.<\/p>\t\t\t\t\t\t\t\t<\/div>\n\t\t\t\t<\/div>\n\t\t<div class=\"elementor-element elementor-element-7e5342b2 e-con-full e-flex ecomus-responsive-column ecomus-tablet-column--default ecomus-responsive-column ecomus-mobile-column--default e-con e-child\" data-id=\"7e5342b2\" data-element_type=\"container\" data-e-type=\"container\">\n\t\t\t\t<\/div>\n\t\t\t\t\t<\/div>\n\t\t\t\t<\/div>\n\t\t\t\t<\/div>","protected":false},"excerpt":{"rendered":"<p>Changes to Terms and Conditions We may update or alter these terms and conditions at any time without prior notice. Continued use of shop.company.com and shop.beetle.com.sg after such modifications constitutes your acceptance of the revised terms. We advise you to periodically review these terms whenever you visit our site. Limitation of Liability The Company Pte [&hellip;]<\/p>\n","protected":false},"author":1,"featured_media":0,"parent":0,"menu_order":0,"comment_status":"closed","ping_status":"closed","template":"","meta":{"footnotes":""},"class_list":["post-191","page","type-page","status-publish","hentry"],"jetpack_sharing_enabled":true,"_links":{"self":[{"href":"https:\/\/footballuniver.com\/de\/wp-json\/wp\/v2\/pages\/191","targetHints":{"allow":["GET"]}}],"collection":[{"href":"https:\/\/footballuniver.com\/de\/wp-json\/wp\/v2\/pages"}],"about":[{"href":"https:\/\/footballuniver.com\/de\/wp-json\/wp\/v2\/types\/page"}],"author":[{"embeddable":true,"href":"https:\/\/footballuniver.com\/de\/wp-json\/wp\/v2\/users\/1"}],"replies":[{"embeddable":true,"href":"https:\/\/footballuniver.com\/de\/wp-json\/wp\/v2\/comments?post=191"}],"version-history":[{"count":0,"href":"https:\/\/footballuniver.com\/de\/wp-json\/wp\/v2\/pages\/191\/revisions"}],"wp:attachment":[{"href":"https:\/\/footballuniver.com\/de\/wp-json\/wp\/v2\/media?parent=191"}],"curies":[{"name":"wp","href":"https:\/\/api.w.org\/{rel}","templated":true}]}}