{"id":208,"date":"2024-06-10T08:18:19","date_gmt":"2024-06-10T08:18:19","guid":{"rendered":"https:\/\/raw.githubusercontent.com\/drfuri\/demo-content\/main\/ecomus\/fashion\/images\/?page_id=208"},"modified":"2026-02-11T05:00:38","modified_gmt":"2026-02-11T04:00:38","slug":"about-us","status":"publish","type":"page","link":"https:\/\/footballuniver.com\/de\/about-us\/","title":{"rendered":"\u00dcber uns"},"content":{"rendered":"<div data-elementor-type=\"wp-page\" data-elementor-id=\"208\" class=\"elementor elementor-208\" data-elementor-post-type=\"page\">\n\t\t\t\t<div class=\"elementor-element elementor-element-2e9fd948 e-flex e-con-boxed ecomus-responsive-column ecomus-tablet-column--default ecomus-responsive-column ecomus-mobile-column--default e-con e-parent\" data-id=\"2e9fd948\" data-element_type=\"container\" data-e-type=\"container\" data-settings=\"{&quot;background_background&quot;:&quot;classic&quot;}\">\n\t\t\t\t\t<div class=\"e-con-inner\">\n\t\t\t\t<div class=\"elementor-element elementor-element-294a4692 elementor-widget elementor-widget-ecomus-heading\" data-id=\"294a4692\" data-element_type=\"widget\" data-e-type=\"widget\" data-widget_type=\"ecomus-heading.default\">\n\t\t\t\t<div class=\"elementor-widget-container\">\n\t\t\t\t\t\t\t<div class=\"ecomus-heading-elementor\">\n\t\t\t\t<h2 class=\"ecomus-heading em-flex em-flex-align-center ecomus-heading--normal\">\n\t\t\t\t\t\t\t\t\t\tTOP #1 Fu\u00dfball-Trikots, Trainingsanz\u00fcge &amp; Langarmtrikots. - Weltweit verf\u00fcgbar\t\t\t\t<\/h2>\n\t\t\t<\/div>\n\t\t\t\t\t\t<\/div>\n\t\t\t\t<\/div>\n\t\t\t\t\t<\/div>\n\t\t\t\t<\/div>\n\t\t<div class=\"elementor-element elementor-element-3cae0f82 e-flex e-con-boxed ecomus-responsive-column ecomus-tablet-column--default ecomus-responsive-column ecomus-mobile-column--default e-con e-parent\" data-id=\"3cae0f82\" data-element_type=\"container\" data-e-type=\"container\">\n\t\t\t\t\t<div class=\"e-con-inner\">\n\t\t\t\t<div class=\"elementor-element elementor-element-7cc5eec9 elementor-widget elementor-widget-ecomus-heading\" data-id=\"7cc5eec9\" data-element_type=\"widget\" data-e-type=\"widget\" data-widget_type=\"ecomus-heading.default\">\n\t\t\t\t<div class=\"elementor-widget-container\">\n\t\t\t\t\t\t\t<div class=\"ecomus-heading-elementor\">\n\t\t\t\t<h4 class=\"ecomus-heading em-flex em-flex-align-center ecomus-heading--default\">\n\t\t\t\t\t\t\t\t\t\tFOOTBALLUNIVER\t\t\t\t<\/h4>\n\t\t\t<\/div>\n\t\t\t\t\t\t<\/div>\n\t\t\t\t<\/div>\n\t\t\t\t<div class=\"elementor-element elementor-element-3e0f360a elementor-widget__width-initial elementor-widget elementor-widget-text-editor\" data-id=\"3e0f360a\" data-element_type=\"widget\" data-e-type=\"widget\" data-widget_type=\"text-editor.default\">\n\t\t\t\t\t\t\t\t\t<p>Bei Footballuniver glauben wir, dass Fu\u00dfball mehr als ein Spiel ist - es ist eine Leidenschaft, die Fans auf der ganzen Welt vereint. Wir bieten authentische Trikots und Premium-Bekleidung von den besten Vereinen und Nationalmannschaften, so dass du den Stolz deines Teams mit Vertrauen tragen kannst...<\/p>\t\t\t\t\t\t\t\t<\/div>\n\t\t\t\t<div class=\"elementor-element elementor-element-1223710 ecomus-social-icons__style--none elementor-widget elementor-widget-ecomus-social-icons\" data-id=\"1223710\" data-element_type=\"widget\" data-e-type=\"widget\" data-widget_type=\"ecomus-social-icons.default\">\n\t\t\t\t<div class=\"elementor-widget-container\">\n\t\t\t\t\t\t\t<div class=\"ecomus-social-icons__wrapper\">\n\t\t\t\t\t\t\t<a class=\"ecomus-social-icons__item ecomus-social-icon-instagram elementor-repeater-item-8d069ce\" href=\"https:\/\/www.instagram.com\/footballuniver_store?igsh=b2lweHdiOWs5MDVz\" target=\"_blank\" aria-label=\"Social\" icon link>\n\t\t\t\t\t\t\t\t\t\t\t<span class=\"ecomus-svg-icon\"><svg class=\"e-font-icon-svg e-fab-instagram\" viewbox=\"0 0 448 512\" xmlns=\"http:\/\/www.w3.org\/2000\/svg\"><path d=\"M224.1 141c-63.6 0-114.9 51.3-114.9 114.9s51.3 114.9 114.9 114.9S339 319.5 339 255.9 287.7 141 224.1 141zm0 189.6c-41.1 0-74.7-33.5-74.7-74.7s33.5-74.7 74.7-74.7 74.7 33.5 74.7 74.7-33.6 74.7-74.7 74.7zm146.4-194.3c0 14.9-12 26.8-26.8 26.8-14.9 0-26.8-12-26.8-26.8s12-26.8 26.8-26.8 26.8 12 26.8 26.8zm76.1 27.2c-1.7-35.9-9.9-67.7-36.2-93.9-26.2-26.2-58-34.4-93.9-36.2-37-2.1-147.9-2.1-184.9 0-35.8 1.7-67.6 9.9-93.9 36.1s-34.4 58-36.2 93.9c-2.1 37-2.1 147.9 0 184.9 1.7 35.9 9.9 67.7 36.2 93.9s58 34.4 93.9 36.2c37 2.1 147.9 2.1 184.9 0 35.9-1.7 67.7-9.9 93.9-36.2 26.2-26.2 34.4-58 36.2-93.9 2.1-37 2.1-147.8 0-184.8zM398.8 388c-7.8 19.6-22.9 34.7-42.6 42.6-29.5 11.7-99.5 9-132.1 9s-102.7 2.6-132.1-9c-19.6-7.8-34.7-22.9-42.6-42.6-11.7-29.5-9-99.5-9-132.1s-2.6-102.7 9-132.1c7.8-19.6 22.9-34.7 42.6-42.6 29.5-11.7 99.5-9 132.1-9s102.7-2.6 132.1 9c19.6 7.8 34.7 22.9 42.6 42.6 11.7 29.5 9 99.5 9 132.1s2.7 102.7-9 132.1z\"><\/path><\/svg><\/span>\t\t\t\t\t\t\t\t\t<\/a>\n\t\t\t\t\t\t\t<a class=\"ecomus-social-icons__item ecomus-social-icon-tiktok elementor-repeater-item-1477bce\" href=\"https:\/\/tiktok.com\/@worhttps:\/\/www.tiktok.com\/@footballuniver.official?_r=1&#038;_t=ZS-93jLD0HBPkL\" target=\"_blank\" aria-label=\"Social\" icon link>\n\t\t\t\t\t\t\t\t\t\t\t<span class=\"ecomus-svg-icon\"><svg class=\"e-font-icon-svg e-fab-tiktok\" viewbox=\"0 0 448 512\" xmlns=\"http:\/\/www.w3.org\/2000\/svg\"><path d=\"M448,209.91a210.06,210.06,0,0,1-122.77-39.25V349.38A162.55,162.55,0,1,1,185,188.31V278.2a74.62,74.62,0,1,0,52.23,71.18V0l88,0a121.18,121.18,0,0,0,1.86,22.17h0A122.18,122.18,0,0,0,381,102.39a121.43,121.43,0,0,0,67,20.14Z\"><\/path><\/svg><\/span>\t\t\t\t\t\t\t\t\t<\/a>\n\t\t\t\t\t<\/div>\n\t\t\t\t\t\t<\/div>\n\t\t\t\t<\/div>\n\t\t\t\t\t<\/div>\n\t\t\t\t<\/div>\n\t\t<div class=\"elementor-element elementor-element-296c666f e-flex e-con-boxed ecomus-responsive-column ecomus-tablet-column--default ecomus-responsive-column ecomus-mobile-column--default e-con e-parent\" data-id=\"296c666f\" data-element_type=\"container\" data-e-type=\"container\">\n\t\t\t\t\t<div class=\"e-con-inner\">\n\t\t<div class=\"elementor-element elementor-element-5b1679de e-con-full e-flex ecomus-responsive-column ecomus-tablet-column--default ecomus-responsive-column ecomus-mobile-column--default e-con e-child\" data-id=\"5b1679de\" data-element_type=\"container\" data-e-type=\"container\">\n\t\t<div class=\"elementor-element elementor-element-41177bd6 e-con-full e-flex ecomus-responsive-column ecomus-tablet-column--default ecomus-responsive-column ecomus-mobile-column--default e-con e-child\" data-id=\"41177bd6\" data-element_type=\"container\" data-e-type=\"container\">\n\t\t\t\t<div class=\"elementor-element elementor-element-4422482b elementor-widget-mobile__width-inherit elementor-widget elementor-widget-ecomus-heading\" data-id=\"4422482b\" data-element_type=\"widget\" data-e-type=\"widget\" data-widget_type=\"ecomus-heading.default\">\n\t\t\t\t<div class=\"elementor-widget-container\">\n\t\t\t\t\t\t\t<div class=\"ecomus-heading-elementor\">\n\t\t\t\t<h5 class=\"ecomus-heading em-flex em-flex-align-center ecomus-heading--default\">\n\t\t\t\t\t\t\t\t\t\tWarum wir \t\t\t\t<\/h5>\n\t\t\t<\/div>\n\t\t\t\t\t\t<\/div>\n\t\t\t\t<\/div>\n\t\t\t\t<div class=\"elementor-element elementor-element-12bc2167 elementor-widget elementor-widget-text-editor\" data-id=\"12bc2167\" data-element_type=\"widget\" data-e-type=\"widget\" data-widget_type=\"text-editor.default\">\n\t\t\t\t\t\t\t\t\t<p>Unter <strong>FootballUniver<\/strong>, sind wir stolz auf unser Angebot <strong>authentische Fu\u00dfballtrikots<\/strong> und <strong>Premium-Bekleidung<\/strong> aus den besten Vereinen und Nationalmannschaften der Welt. Unser Engagement f\u00fcr <strong>Qualit\u00e4t<\/strong>, <strong>echte Produkte<\/strong>, und <strong>hervorragender Kundenservice<\/strong> sorgt daf\u00fcr, dass Sie die beste Ausr\u00fcstung erhalten, um Ihr Team mit Stolz zu vertreten. Mit <strong>schneller Versand<\/strong>, Wir machen es einfacher als je zuvor, Ihre Fu\u00dfballleidenschaft mit Vertrauen zu tragen.<\/p>\t\t\t\t\t\t\t\t<\/div>\n\t\t\t\t<\/div>\n\t\t\t\t<\/div>\n\t\t<div class=\"elementor-element elementor-element-2e9c393e e-con-full e-flex ecomus-responsive-column ecomus-tablet-column--default ecomus-responsive-column ecomus-mobile-column--default e-con e-child\" data-id=\"2e9c393e\" data-element_type=\"container\" data-e-type=\"container\">\n\t\t\t\t<div class=\"elementor-element elementor-element-994dc05 elementor-widget elementor-widget-ecomus-dual-image\" data-id=\"994dc05\" data-element_type=\"widget\" data-e-type=\"widget\" data-widget_type=\"ecomus-dual-image.default\">\n\t\t\t\t<div class=\"elementor-widget-container\">\n\t\t\t\t\t\n\t\t<div class=\"ecomus-dual-image-elementor ecomus-dual-image--layout-1 em-relative\">\n\t\t\t<div class=\"ecomus-dual-image__primary-image em-ratio\">\n\t\t\t\t\t\t\t\t<span class=\"em-responsive-image em-responsive-image__desktop\"><img decoding=\"async\" width=\"1080\" height=\"1440\" src=\"https:\/\/footballuniver.com\/wp-content\/uploads\/2026\/02\/JHUiQh3n7_mid-min-min_2_17ad63a6-ae2f-4a78-85dc-8f33c4a8c9ee-1.png\" class=\"attachment-full size-full wp-image-25071\" alt=\"\" srcset=\"https:\/\/footballuniver.com\/wp-content\/uploads\/2026\/02\/JHUiQh3n7_mid-min-min_2_17ad63a6-ae2f-4a78-85dc-8f33c4a8c9ee-1.png 1080w, https:\/\/footballuniver.com\/wp-content\/uploads\/2026\/02\/JHUiQh3n7_mid-min-min_2_17ad63a6-ae2f-4a78-85dc-8f33c4a8c9ee-1-130x173.png 130w, https:\/\/footballuniver.com\/wp-content\/uploads\/2026\/02\/JHUiQh3n7_mid-min-min_2_17ad63a6-ae2f-4a78-85dc-8f33c4a8c9ee-1-1000x1333.png 1000w, https:\/\/footballuniver.com\/wp-content\/uploads\/2026\/02\/JHUiQh3n7_mid-min-min_2_17ad63a6-ae2f-4a78-85dc-8f33c4a8c9ee-1-225x300.png 225w, https:\/\/footballuniver.com\/wp-content\/uploads\/2026\/02\/JHUiQh3n7_mid-min-min_2_17ad63a6-ae2f-4a78-85dc-8f33c4a8c9ee-1-768x1024.png 768w\" sizes=\"(max-width: 1080px) 100vw, 1080px\" \/><\/span>\t\t\t\t\t\t\t<\/div>\n\t\t\t<div class=\"ecomus-dual-image__secondary-image em-ratio\">\n\t\t\t\t\t\t\t\t\t<span class=\"em-responsive-image em-responsive-image__desktop\"><img decoding=\"async\" width=\"1080\" height=\"1440\" src=\"https:\/\/footballuniver.com\/wp-content\/uploads\/2026\/02\/FfCUN9O9H_mid-min-min_3_2c01620f-f2fa-4775-a00d-a0c6141b0dd7-2.png\" class=\"attachment-full size-full wp-image-25072\" alt=\"\" srcset=\"https:\/\/footballuniver.com\/wp-content\/uploads\/2026\/02\/FfCUN9O9H_mid-min-min_3_2c01620f-f2fa-4775-a00d-a0c6141b0dd7-2.png 1080w, https:\/\/footballuniver.com\/wp-content\/uploads\/2026\/02\/FfCUN9O9H_mid-min-min_3_2c01620f-f2fa-4775-a00d-a0c6141b0dd7-2-130x173.png 130w, https:\/\/footballuniver.com\/wp-content\/uploads\/2026\/02\/FfCUN9O9H_mid-min-min_3_2c01620f-f2fa-4775-a00d-a0c6141b0dd7-2-1000x1333.png 1000w, https:\/\/footballuniver.com\/wp-content\/uploads\/2026\/02\/FfCUN9O9H_mid-min-min_3_2c01620f-f2fa-4775-a00d-a0c6141b0dd7-2-225x300.png 225w, https:\/\/footballuniver.com\/wp-content\/uploads\/2026\/02\/FfCUN9O9H_mid-min-min_3_2c01620f-f2fa-4775-a00d-a0c6141b0dd7-2-768x1024.png 768w\" sizes=\"(max-width: 1080px) 100vw, 1080px\" \/><\/span>\t\t\t\t\t\t\t<\/div>\n\t\t\t\t\t<\/div>\n\t\t\t\t\t\t<\/div>\n\t\t\t\t<\/div>\n\t\t\t\t<\/div>\n\t\t\t\t\t<\/div>\n\t\t\t\t<\/div>\n\t\t<div class=\"elementor-element elementor-element-a6d4bc4 e-flex e-con-boxed ecomus-responsive-column ecomus-tablet-column--default ecomus-responsive-column ecomus-mobile-column--default e-con e-parent\" data-id=\"a6d4bc4\" data-element_type=\"container\" data-e-type=\"container\">\n\t\t\t\t\t<div class=\"e-con-inner\">\n\t\t<div class=\"elementor-element elementor-element-478ac4b8 e-flex e-con-boxed ecomus-responsive-column ecomus-tablet-column--default ecomus-responsive-column ecomus-mobile-column--default e-con e-child\" data-id=\"478ac4b8\" data-element_type=\"container\" data-e-type=\"container\" data-settings=\"{&quot;background_background&quot;:&quot;classic&quot;}\">\n\t\t\t\t\t<div class=\"e-con-inner\">\n\t\t\t\t<div class=\"elementor-element elementor-element-7e9b1412 elementor-widget elementor-widget-ecomus-heading\" data-id=\"7e9b1412\" data-element_type=\"widget\" data-e-type=\"widget\" data-widget_type=\"ecomus-heading.default\">\n\t\t\t\t<div class=\"elementor-widget-container\">\n\t\t\t\t\t\t\t<div class=\"ecomus-heading-elementor\">\n\t\t\t\t<h4 class=\"ecomus-heading em-flex em-flex-align-center ecomus-heading--default\">\n\t\t\t\t\t\t\t\t\t\tQualit\u00e4t ist unsere Priorit\u00e4t\t\t\t\t<\/h4>\n\t\t\t<\/div>\n\t\t\t\t\t\t<\/div>\n\t\t\t\t<\/div>\n\t\t<div class=\"elementor-element elementor-element-4f7999bf e-flex e-con-boxed ecomus-responsive-column ecomus-tablet-column--default ecomus-responsive-column ecomus-mobile-column--default e-con e-child\" data-id=\"4f7999bf\" data-element_type=\"container\" data-e-type=\"container\">\n\t\t\t\t\t<div class=\"e-con-inner\">\n\t\t\t\t<div class=\"elementor-element elementor-element-4e7e3c10 elementor-widget elementor-widget-text-editor\" data-id=\"4e7e3c10\" data-element_type=\"widget\" data-e-type=\"widget\" data-widget_type=\"text-editor.default\">\n\t\t\t\t\t\t\t\t\t<p>Unsere talentierten Stylisten haben Outfits zusammengestellt, die perfekt zu dieser Jahreszeit passen. Sie haben eine Vielzahl von M\u00f6glichkeiten, um Ihren n\u00e4chsten modischen Look zu inspirieren.<\/p>\t\t\t\t\t\t\t\t<\/div>\n\t\t\t\t\t<\/div>\n\t\t\t\t<\/div>\n\t\t<div class=\"elementor-element elementor-element-71856018 e-con-full e-flex ecomus-responsive-column ecomus-tablet-column--default ecomus-responsive-column ecomus-mobile-column--default e-con e-child\" data-id=\"71856018\" data-element_type=\"container\" data-e-type=\"container\">\n\t\t\t\t<div class=\"elementor-element elementor-element-2fb305b navigation-class--tabletdots navigation-class--mobiledots ecomus-icon-box__icon-alignment--center navigation-class-arrows ecomus-icon-box__icon-position--top elementor-widget elementor-widget-ecomus-icon-box-carousel\" data-id=\"2fb305b\" data-element_type=\"widget\" data-e-type=\"widget\" data-settings=\"{&quot;image_spacing_custom&quot;:50,&quot;image_spacing_custom_tablet&quot;:30,&quot;image_spacing_custom_mobile&quot;:15,&quot;slides_to_show_tablet&quot;:2,&quot;slides_to_show_mobile&quot;:1,&quot;slides_to_scroll_tablet&quot;:2,&quot;slides_to_scroll_mobile&quot;:1,&quot;slides_to_show&quot;:3,&quot;slides_to_scroll&quot;:1,&quot;navigation&quot;:&quot;both&quot;,&quot;speed&quot;:800}\" data-widget_type=\"ecomus-icon-box-carousel.default\">\n\t\t\t\t<div class=\"elementor-widget-container\">\n\t\t\t\t\t<div class=\"ecomus-icon-box-carousel--elementor ecomus-carousel--elementor\"><div class=\"ecomus-icon-box-carousel__container swiper\" style=\"--em-swiper-items-space: 50px;\"><div class=\"ecomus-icon-box-carousel__wrapper swiper-wrapper mobile-col-1 tablet-col-2 columns-3\"><div class=\"elementor-repeater-item-9874781 ecomus-icon-box icon-type-icon swiper-slide\"><div class=\"ecomus-icon-box__icon\"><span class=\"ecomus-svg-icon\"><svg xmlns=\"http:\/\/www.w3.org\/2000\/svg\" class=\"\" width=\"40\" height=\"40\" viewbox=\"0 0 40 40\"><path d=\"M39.7021 1.27152L39.5688 0.431126L38.7284 0.297845C38.5475 0.269173 34.2293 -0.396685 28.4414 0.360892C25.0362 0.806672 21.8259 1.65659 18.8998 2.88706C15.2225 4.43346 11.9885 6.58697 9.28775 9.28783C6.5869 11.9886 4.43338 15.2227 2.88698 18.8999C1.65651 21.8259 0.806594 25.0362 0.360892 28.4414C-0.396685 34.2292 0.269173 38.5473 0.297845 38.7284L0.431204 39.5688L1.27152 39.7021C1.38737 39.7204 3.19846 40 6.00565 40C7.86244 39.9998 9.71726 39.8793 11.5584 39.6391C14.9637 39.1933 18.174 38.3434 21.1001 37.1129C24.7773 35.5665 28.0114 33.413 30.7122 30.7122C33.4129 28.0113 35.5665 24.7773 37.1129 21.1001C38.3435 18.174 39.1934 14.9638 39.6391 11.5584C40.3966 5.77065 39.7307 1.45253 39.7021 1.27152ZM37.3153 11.2542C36.8967 14.4517 36.1018 17.4587 34.9525 20.1915C33.5244 23.5877 31.5401 26.5697 29.055 29.055C26.5796 31.5304 23.6108 33.509 20.2312 34.9358C17.5084 36.0854 14.512 36.8829 11.3256 37.3058C8.37814 37.6971 5.80612 37.6919 4.05393 37.6032L20.8286 20.8284L19.1715 19.1713L2.39526 35.9476C2.30698 34.2133 2.30159 31.6722 2.68472 28.7457C3.10323 25.5482 3.89823 22.5412 5.04745 19.8084C6.47557 16.4122 8.45986 13.4302 10.9451 10.9449C13.4205 8.46955 16.3893 6.49088 19.7688 5.06409C22.4917 3.91448 25.488 3.11706 28.6745 2.69409C32.6761 2.16284 35.9876 2.36214 37.4914 2.50972C37.6386 4.0012 37.8366 7.27205 37.3153 11.2542Z\"><\/path><\/svg><\/span><\/div><div class=\"ecomus-icon-box__wrapper\">\t\t\t\t\t\t\t\t\t<h5 class=\"ecomus-icon-box__title\">\n\t\t\t\t\t\t\t\t\t\n\t\t\t\t\t\t\t\t\t\tHochwertige Materialien\n\t\t\t\t\t\t\t\t\t\t\n\t\t\t\t\t\t\t\t\t\t<\/h5>\n\t\t\t\t\t\t\t\t\t<div class=\"ecomus-icon-box__content\">Unsere mit Pr\u00e4zision und Exzellenz gefertigte Activewear wird sorgf\u00e4ltig aus hochwertigen Materialien hergestellt, um un\u00fcbertroffenen Komfort und Haltbarkeit zu gew\u00e4hrleisten.<\/div><\/div><\/div><div class=\"elementor-repeater-item-c763c2e ecomus-icon-box icon-type-icon swiper-slide\"><div class=\"ecomus-icon-box__icon\"><span class=\"ecomus-svg-icon\"><svg xmlns=\"http:\/\/www.w3.org\/2000\/svg\" class=\"\" width=\"40\" height=\"40\" viewbox=\"0 0 40 40\"><path d=\"M20 0.0224609L0 29.6461L20 39.9773L40 29.6461L20 0.0224609ZM18.8275 36.7323L4.26422 29.2094L18.8276 21.6864L18.8275 36.7323ZM18.8275 19.0471L5.24977 26.061L18.8275 5.94988V19.0471ZM21.1725 5.94988L34.7502 26.0611L21.1725 19.0471V5.94988ZM21.1725 21.6864L35.7359 29.2094L21.1725 36.7323V21.6864Z\"><\/path><\/svg><\/span><\/div><div class=\"ecomus-icon-box__wrapper\">\t\t\t\t\t\t\t\t\t<h5 class=\"ecomus-icon-box__title\">\n\t\t\t\t\t\t\t\t\t\n\t\t\t\t\t\t\t\t\t\tLakonisches Design\n\t\t\t\t\t\t\t\t\t\t\n\t\t\t\t\t\t\t\t\t\t<\/h5>\n\t\t\t\t\t\t\t\t\t<div class=\"ecomus-icon-box__content\">Schlichte Raffinesse. Unsere Activewear verk\u00f6rpert die Essenz des minimalistischen Designs und bietet einen m\u00fchelosen Stil, der B\u00e4nde spricht.<\/div><\/div><\/div><div class=\"elementor-repeater-item-fc36fd4 ecomus-icon-box icon-type-icon swiper-slide\"><div class=\"ecomus-icon-box__icon\"><span class=\"ecomus-svg-icon\"><svg xmlns=\"http:\/\/www.w3.org\/2000\/svg\" class=\"\" width=\"40\" height=\"40\" viewbox=\"0 0 40 40\"><path d=\"M20 5.858L25.856 0L28.2145 2.3585L22.357 8.2145L29.4285 15.2865L27.072 17.643L11.7835 2.357L14.142 0L20 5.858ZM34.142 20L40 25.856L37.6415 28.2145L31.7835 22.357L24.7135 29.4285L22.357 27.072L37.643 11.7855L40 14.142L34.142 20ZM20.0015 34.142L14.1455 40L11.787 37.6415L17.645 31.7835L10.573 24.7135L12.9295 22.357L28.2165 37.643L25.8595 40L20.0015 34.142ZM5.858 20L0 14.142L2.3585 11.7835L8.2165 17.643L15.2865 10.57L17.643 12.9265L2.357 28.2145L0 25.858L5.858 20Z\"><\/path><\/svg><\/span><\/div><div class=\"ecomus-icon-box__wrapper\">\t\t\t\t\t\t\t\t\t<h5 class=\"ecomus-icon-box__title\">\n\t\t\t\t\t\t\t\t\t\n\t\t\t\t\t\t\t\t\t\tVerschiedene Gr\u00f6\u00dfen\n\t\t\t\t\t\t\t\t\t\t\n\t\t\t\t\t\t\t\t\t\t<\/h5>\n\t\t\t\t\t\t\t\t\t<div class=\"ecomus-icon-box__content\">Unsere Activewear ist f\u00fcr jeden K\u00f6rper und f\u00fcr jede Person geeignet und bietet eine gro\u00dfe Auswahl an Gr\u00f6\u00dfen und Formen, um die Sch\u00f6nheit der Individualit\u00e4t zu unterstreichen.<\/div><\/div><\/div><\/div><\/div><span class=\"ecomus-svg-icon ecomus-svg-icon--left-mini elementor-swiper-button-prev swiper-button\" ><svg aria-hidden=\"true\" role=\"img\" focusable=\"false\" width=\"7\" height=\"11\" viewbox=\"0 0 7 11\" fill=\"currentColor\" xmlns=\"http:\/\/www.w3.org\/2000\/svg\"><path d=\"M5.5 11L0 5.5L5.5 0L6.47625 0.97625L1.9525 5.5L6.47625 10.0238L5.5 11Z\" fill=\"currentColor\"\/><\/svg><\/span><span class=\"ecomus-svg-icon ecomus-svg-icon--right-mini elementor-swiper-button-next swiper-button\" ><svg aria-hidden=\"true\" role=\"img\" focusable=\"false\" width=\"7\" height=\"11\" viewbox=\"0 0 7 11\" fill=\"currentColor\" xmlns=\"http:\/\/www.w3.org\/2000\/svg\"><path d=\"M1.5 11L7 5.5L1.5 0L0.52375 0.97625L5.0475 5.5L0.52375 10.0238L1.5 11Z\" fill=\"currentColor\"\/><\/svg><\/span><div class=\"swiper-pagination  swiper-pagination-bullet--small\"><\/div><\/div>\t\t\t\t<\/div>\n\t\t\t\t<\/div>\n\t\t\t\t<\/div>\n\t\t\t\t\t<\/div>\n\t\t\t\t<\/div>\n\t\t\t\t\t<\/div>\n\t\t\t\t<\/div>\n\t\t\t\t<\/div>","protected":false},"excerpt":{"rendered":"<p>TOP #1 Football Jerseys, Tracksuits &amp; Long Sleeves.. \u2013 Available Worldwide FOOTBALLUNIVER At Footballuniver, we believe football is more than a game\u2014it\u2019s a passion that unites fans worldwide. We offer authentic jerseys and premium apparel from the best clubs and national teams, so you can wear your team\u2019s pride with confidence.. Why Us At footballuniver, [&hellip;]<\/p>\n","protected":false},"author":1,"featured_media":0,"parent":0,"menu_order":0,"comment_status":"closed","ping_status":"closed","template":"","meta":{"footnotes":""},"class_list":["post-208","page","type-page","status-publish","hentry"],"jetpack_sharing_enabled":true,"_links":{"self":[{"href":"https:\/\/footballuniver.com\/de\/wp-json\/wp\/v2\/pages\/208","targetHints":{"allow":["GET"]}}],"collection":[{"href":"https:\/\/footballuniver.com\/de\/wp-json\/wp\/v2\/pages"}],"about":[{"href":"https:\/\/footballuniver.com\/de\/wp-json\/wp\/v2\/types\/page"}],"author":[{"embeddable":true,"href":"https:\/\/footballuniver.com\/de\/wp-json\/wp\/v2\/users\/1"}],"replies":[{"embeddable":true,"href":"https:\/\/footballuniver.com\/de\/wp-json\/wp\/v2\/comments?post=208"}],"version-history":[{"count":52,"href":"https:\/\/footballuniver.com\/de\/wp-json\/wp\/v2\/pages\/208\/revisions"}],"predecessor-version":[{"id":25098,"href":"https:\/\/footballuniver.com\/de\/wp-json\/wp\/v2\/pages\/208\/revisions\/25098"}],"wp:attachment":[{"href":"https:\/\/footballuniver.com\/de\/wp-json\/wp\/v2\/media?parent=208"}],"curies":[{"name":"wp","href":"https:\/\/api.w.org\/{rel}","templated":true}]}}