{"id":24647,"date":"2026-02-07T19:37:22","date_gmt":"2026-02-07T18:37:22","guid":{"rendered":"https:\/\/footballuniver.com\/?page_id=24647"},"modified":"2026-02-07T19:37:22","modified_gmt":"2026-02-07T18:37:22","slug":"shipping-policy","status":"publish","type":"page","link":"https:\/\/footballuniver.com\/de\/shipping-policy\/","title":{"rendered":"Versandpolitik"},"content":{"rendered":"<h2 class=\"wp-block-heading\">Footballuniver Versandbedingungen<\/h2>\n\n\n\n<h3 class=\"wp-block-heading\">Auftragsabwicklung<\/h3>\n\n\n\n<p>Unter <strong>Footballuniver<\/strong>, werden die Bestellungen in der Regel innerhalb von <strong>1-2 Arbeitstage<\/strong>. In Zeiten hoher Nachfrage kann die Bearbeitung bis zu <strong>5 Arbeitstage<\/strong>.<\/p>\n\n\n\n<h3 class=\"wp-block-heading\">Zeitrahmen f\u00fcr den Versand<\/h3>\n\n\n\n<ul class=\"wp-block-list\">\n<li><strong>Weltweit:<\/strong> Voraussichtliche Lieferung in <strong>10-12 Tage<\/strong><\/li>\n\n\n\n<li><strong>Einige L\u00e4nder des Nahen Ostens:<\/strong> Voraussichtliche Lieferung in <strong>15-20 Tage<\/strong><\/li>\n<\/ul>\n\n\n\n<p>Die Versandzeit beginnt mit dem Datum, an dem Sie Ihre Tracking-Nummer erhalten. Bitte vergewissern Sie sich, dass alle Versandangaben an der Kasse korrekt sind. Sobald Ihre Bestellung in die Versandphase eintritt, <strong>keine \u00c4nderungen (einschlie\u00dflich Adress\u00e4nderungen) vorgenommen werden k\u00f6nnen<\/strong>.<\/p>\n\n\n\n<h3 class=\"wp-block-heading\">Kosten f\u00fcr den Versand<\/h3>\n\n\n\n<p>\ud83d\ude9a <strong>Kostenloser Versand f\u00fcr alle Bestellungen<\/strong> - Kein Mindestumsatz erforderlich.<\/p>\n\n\n\n<h3 class=\"wp-block-heading\">Nachverfolgung<\/h3>\n\n\n\n<ul class=\"wp-block-list\">\n<li>Alle Bestellungen werden versandt mit <strong>Kontrollnummern<\/strong><\/li>\n\n\n\n<li>Sie erhalten die Angaben zur Sendungsverfolgung per E-Mail, sobald Ihre Bestellung versandt wurde.<\/li>\n\n\n\n<li>Es kann ein paar Tage dauern, bis Aktualisierungen der Sendungsverfolgung erscheinen.<\/li>\n\n\n\n<li>Wenn es keine Aktualisierung gibt nach <strong>5 Arbeitstage<\/strong>, kontaktieren Sie uns bitte f\u00fcr Unterst\u00fctzung<\/li>\n<\/ul>\n\n\n\n<h3 class=\"wp-block-heading\">Nichtzustellung und fehlerhafte Informationen<\/h3>\n\n\n\n<p><strong>Footballuniver<\/strong> ist nicht verantwortlich f\u00fcr fehlgeschlagene Lieferungen, die durch falsche oder unvollst\u00e4ndige Adressangaben an der Kasse verursacht wurden.<\/p>\n\n\n\n<ul class=\"wp-block-list\">\n<li>Die Kunden sind daf\u00fcr verantwortlich, ihre Versandinformationen zu \u00fcberpr\u00fcfen.<\/li>\n\n\n\n<li>Einmal abgeschickt, k\u00f6nnen Bestellungen nicht mehr ge\u00e4ndert oder umgeleitet werden.<\/li>\n\n\n\n<li>Unzustellbare Pakete k\u00f6nnen vom Bef\u00f6rderer zur\u00fcckgeschickt oder entsorgt werden.<\/li>\n<\/ul>\n\n\n\n<h3 class=\"wp-block-heading\">Verlorene\/gestohlene\/besch\u00e4digte Pakete<\/h3>\n\n\n\n<p><strong>Footballuniver<\/strong> haftet nicht f\u00fcr verlorene, gestohlene oder besch\u00e4digte Pakete.<\/p>\n\n\n\n<ul class=\"wp-block-list\">\n<li>Wenn die Sendungsverfolgung anzeigt, dass das Paket zugestellt wurde, Sie es aber nicht erhalten haben, wenden Sie sich direkt an das Versandunternehmen.<\/li>\n\n\n\n<li>Anspr\u00fcche m\u00fcssen innerhalb der vom Tr\u00e4ger festgelegten Frist geltend gemacht werden<\/li>\n<\/ul>\n\n\n\n<h3 class=\"wp-block-heading\">Feedback &amp; Unterst\u00fctzung<\/h3>\n\n\n\n<p>Wir sch\u00e4tzen Ihr Feedback \ud83d\udc99.<br>Bei Fragen oder Anliegen k\u00f6nnen Sie uns unter folgender Adresse erreichen:<br>\ud83d\udce7 <strong><a>support@footballuniver.com<\/a><\/strong><\/p>\n\n\n\n<p>Wir arbeiten st\u00e4ndig daran, unseren Service zu verbessern und Ihnen die bestm\u00f6gliche Erfahrung zu bieten.<\/p>\n\n\n\n<hr class=\"wp-block-separator has-alpha-channel-opacity\"\/>\n\n\n\n<p>.<\/p>\n\n\n\n<hr class=\"wp-block-separator has-alpha-channel-opacity\"\/>","protected":false},"excerpt":{"rendered":"<p>Footballuniver Shipping Policy Order Processing At Footballuniver, orders are typically processed within 1\u20132 business days. During periods of high demand, processing may take up to 5 business days. Shipping Timeframes Shipping time starts from the date you receive your tracking number. Please ensure all shipping details are correct at checkout. Once your order enters the [&hellip;]<\/p>\n","protected":false},"author":1,"featured_media":0,"parent":0,"menu_order":0,"comment_status":"closed","ping_status":"closed","template":"","meta":{"footnotes":""},"class_list":["post-24647","page","type-page","status-publish","hentry"],"jetpack_sharing_enabled":true,"_links":{"self":[{"href":"https:\/\/footballuniver.com\/de\/wp-json\/wp\/v2\/pages\/24647","targetHints":{"allow":["GET"]}}],"collection":[{"href":"https:\/\/footballuniver.com\/de\/wp-json\/wp\/v2\/pages"}],"about":[{"href":"https:\/\/footballuniver.com\/de\/wp-json\/wp\/v2\/types\/page"}],"author":[{"embeddable":true,"href":"https:\/\/footballuniver.com\/de\/wp-json\/wp\/v2\/users\/1"}],"replies":[{"embeddable":true,"href":"https:\/\/footballuniver.com\/de\/wp-json\/wp\/v2\/comments?post=24647"}],"version-history":[{"count":1,"href":"https:\/\/footballuniver.com\/de\/wp-json\/wp\/v2\/pages\/24647\/revisions"}],"predecessor-version":[{"id":24648,"href":"https:\/\/footballuniver.com\/de\/wp-json\/wp\/v2\/pages\/24647\/revisions\/24648"}],"wp:attachment":[{"href":"https:\/\/footballuniver.com\/de\/wp-json\/wp\/v2\/media?parent=24647"}],"curies":[{"name":"wp","href":"https:\/\/api.w.org\/{rel}","templated":true}]}}