{"id":24649,"date":"2026-02-07T19:41:48","date_gmt":"2026-02-07T18:41:48","guid":{"rendered":"https:\/\/footballuniver.com\/?page_id=24649"},"modified":"2026-02-07T19:41:48","modified_gmt":"2026-02-07T18:41:48","slug":"footballuniver-return-policy","status":"publish","type":"page","link":"https:\/\/footballuniver.com\/de\/footballuniver-return-policy\/","title":{"rendered":"R\u00fcckgabebestimmungen von Footballuniver"},"content":{"rendered":"<p>Unter <strong>Footballuniver<\/strong>, Ihre Zufriedenheit ist unser oberstes Ziel! Wir wissen, dass Online-Shopping manchmal etwas knifflig sein kann, deshalb setzen wir alles daran, Ihnen ein reibungsloses und sorgenfreies Einkaufserlebnis zu bieten. Sollten Sie aus irgendeinem Grund mit Ihrem Kauf nicht zufrieden sein, helfen wir Ihnen gerne weiter.<\/p>\n\n\n\n<hr class=\"wp-block-separator has-alpha-channel-opacity\"\/>\n\n\n\n<h3 class=\"wp-block-heading\">R\u00fcckgabeberechtigung<\/h3>\n\n\n\n<p>Wenn Sie mit Ihrem Kauf nicht vollst\u00e4ndig zufrieden sind, k\u00f6nnen Sie jeden berechtigten Artikel innerhalb von <strong>30 Tage<\/strong> bis zum Erhalt Ihrer Bestellung.<\/p>\n\n\n\n<p>Um eine R\u00fcckerstattung zu erhalten:<\/p>\n\n\n\n<ul class=\"wp-block-list\">\n<li>Die Artikel m\u00fcssen <strong>neu, ungetragen<\/strong>, mit allen Originaletiketten und der Originalverpackung unbesch\u00e4digt<\/li>\n\n\n\n<li><strong>Personalisierte Artikel<\/strong> (einschlie\u00dflich Trikots mit personalisierten Namen oder Nummern) sind <strong>Nicht r\u00fcckgabeberechtigt<\/strong>, Es sei denn, sie kommen besch\u00e4digt oder mit einem Herstellungsfehler an.<\/li>\n\n\n\n<li>R\u00fccksendungen sind <strong>Keine R\u00fcckgabe f\u00fcr Artikel, die in der falschen Gr\u00f6\u00dfe bestellt wurden<\/strong><\/li>\n\n\n\n<li>Bitte beachten Sie unsere <strong>Gr\u00f6\u00dfentabelle<\/strong> vor dem Kauf sicherstellen, dass die Passform optimal passt<\/li>\n<\/ul>\n\n\n\n<hr class=\"wp-block-separator has-alpha-channel-opacity\"\/>\n\n\n\n<h3 class=\"wp-block-heading\">R\u00fcckgabe ausgeschlossen<\/h3>\n\n\n\n<p><strong>Footballuniver<\/strong> R\u00fccksendungen k\u00f6nnen nicht akzeptiert werden, wenn:<\/p>\n\n\n\n<ul class=\"wp-block-list\">\n<li>Der Kunde hat falsche Namen, Telefonnummern oder Adressen angegeben.<\/li>\n\n\n\n<li>Die Bestellung wurde bereits bearbeitet und versendet.<\/li>\n\n\n\n<li>Es handelt sich um Unterw\u00e4sche, Hygieneartikel oder Gefahrstoffe, die aufgrund von Gesundheits- und Sicherheitsvorschriften verboten sind.<\/li>\n<\/ul>\n\n\n\n<p>Bitte stellen Sie sicher, dass alle Angaben beim Bezahlvorgang korrekt sind.<\/p>\n\n\n\n<hr class=\"wp-block-separator has-alpha-channel-opacity\"\/>\n\n\n\n<h3 class=\"wp-block-heading\">R\u00fcckgabeprozess<\/h3>\n\n\n\n<p>Um eine R\u00fccksendung einzuleiten, kontaktieren Sie uns bitte unter:<br>\ud83d\udce7 <strong><a>support@footballuniver.com<\/a><\/strong><\/p>\n\n\n\n<p>Enthalten:<\/p>\n\n\n\n<ul class=\"wp-block-list\">\n<li>Ihre Bestellnummer<\/li>\n\n\n\n<li>Die Artikel, die Sie zur\u00fccksenden m\u00f6chten<\/li>\n<\/ul>\n\n\n\n<p>Die Kosten f\u00fcr den R\u00fcckversand betragen <strong>Verantwortung des Kunden<\/strong>. Wir empfehlen dringend die Verwendung eines\/einer <strong>nachverfolgbarer Versandservice<\/strong>, Da wir ohne Sendungsverfolgung keine Empfangsgarantie geben k\u00f6nnen.<\/p>\n\n\n\n<hr class=\"wp-block-separator has-alpha-channel-opacity\"\/>\n\n\n\n<h3 class=\"wp-block-heading\">R\u00fcckerstattungen<\/h3>\n\n\n\n<p>Sobald wir Ihre R\u00fccksendung erhalten und gepr\u00fcft haben, werden wir Sie \u00fcber die Genehmigung oder Ablehnung informieren.<\/p>\n\n\n\n<ul class=\"wp-block-list\">\n<li>Genehmigte R\u00fcckerstattungen werden innerhalb von <strong>2\u20133 Werktage<\/strong><\/li>\n\n\n\n<li>R\u00fcckerstattungen werden an die <strong>urspr\u00fcngliche Zahlungsmethode<\/strong><\/li>\n\n\n\n<li>Die Versandkosten betragen <strong>nicht erstattungsf\u00e4hig<\/strong><\/li>\n<\/ul>\n\n\n\n<p>Falls Sie Ihre R\u00fcckerstattung nach Ablauf der erwarteten Frist nicht erhalten haben, kontaktieren Sie uns bitte unter <strong><a>support@footballuniver.com<\/a><\/strong>.<\/p>\n\n\n\n<hr class=\"wp-block-separator has-alpha-channel-opacity\"\/>\n\n\n\n<h3 class=\"wp-block-heading\">B\u00f6rsen<\/h3>\n\n\n\n<p>Um einen Artikel umzutauschen:<\/p>\n\n\n\n<ul class=\"wp-block-list\">\n<li>Folgen Sie dem Standard-R\u00fcckgabeprozess.<\/li>\n\n\n\n<li>Nach Erhalt versenden wir den Umtauschartikel (vorbehaltlich der Verf\u00fcgbarkeit).<\/li>\n\n\n\n<li>Es k\u00f6nnen zus\u00e4tzliche Versandkosten anfallen.<\/li>\n<\/ul>\n\n\n\n<hr class=\"wp-block-separator has-alpha-channel-opacity\"\/>\n\n\n\n<h3 class=\"wp-block-heading\">Artikel im Schlussverkauf<\/h3>\n\n\n\n<p>Artikel, die als gekennzeichnet sind <strong>Endg\u00fcltiger Verkauf<\/strong> sind vom Umtausch und der R\u00fcckgabe ausgeschlossen.<\/p>\n\n\n\n<hr class=\"wp-block-separator has-alpha-channel-opacity\"\/>\n\n\n\n<h3 class=\"wp-block-heading\">Adressverifizierung<\/h3>\n\n\n\n<p>Bitte \u00fcberpr\u00fcfen Sie Ihre Lieferadresse beim Bezahlvorgang noch einmal.<\/p>\n\n\n\n<ul class=\"wp-block-list\">\n<li>Wir \u00fcbernehmen keine Haftung f\u00fcr Nichtzustellung aufgrund falscher oder unvollst\u00e4ndiger Adressen.<\/li>\n\n\n\n<li>Nicht zustellbare Pakete k\u00f6nnen vom Transportunternehmen vernichtet werden.<\/li>\n\n\n\n<li>In solchen F\u00e4llen werden keine R\u00fcckerstattungen oder Ersatzlieferungen gew\u00e4hrt.<\/li>\n<\/ul>\n\n\n\n<hr class=\"wp-block-separator has-alpha-channel-opacity\"\/>\n\n\n\n<h3 class=\"wp-block-heading\">Besch\u00e4digte oder defekte Artikel<\/h3>\n\n\n\n<p>Falls Ihr Artikel besch\u00e4digt oder defekt ankommt:<br>\ud83d\udce7 E-Mail <strong><a>support@footballuniver.com<\/a><\/strong> innerhalb <strong>48 Stunden<\/strong> der Lieferung<br>Enthalten <strong>klare Fotos<\/strong> der Angelegenheit.<br>Antr\u00e4ge, die nach 48 Stunden eingereicht werden, k\u00f6nnen unter Umst\u00e4nden nicht akzeptiert werden.<\/p>\n\n\n\n<hr class=\"wp-block-separator has-alpha-channel-opacity\"\/>\n\n\n\n<h3 class=\"wp-block-heading\">R\u00fcckkehrumst\u00e4nde<\/h3>\n\n\n\n<ul class=\"wp-block-list\">\n<li><strong>Meinungs\u00e4nderung:<\/strong> R\u00fcckgabe innerhalb von 30 Tagen (R\u00fcckversandkosten tr\u00e4gt der Kunde)<\/li>\n\n\n\n<li><strong>Fehlerhafte\/Besch\u00e4digte Artikel:<\/strong> Melden Sie sich innerhalb von 30 Tagen \u2013 wir \u00fcbernehmen die R\u00fccksendekosten.<\/li>\n\n\n\n<li><strong>Falsches Produkt erhalten:<\/strong> Kontaktieren Sie uns innerhalb von 30 Tagen \u2013 wir senden Ihnen den korrekten Artikel ohne zus\u00e4tzliche Kosten zu.<\/li>\n\n\n\n<li><strong>Nie angekommen \/ Verlorene Bestellungen:<\/strong> Kontaktieren Sie uns innerhalb von 30 Tagen \u2013 R\u00fcckerstattung oder erneuter Versand nach Best\u00e4tigung durch den Spediteur.<\/li>\n\n\n\n<li><strong>Stornierung nach Versand:<\/strong> Nach dem Versand nicht mehr m\u00f6glich \u2013 R\u00fcckgaberecht gilt weiterhin.<\/li>\n<\/ul>\n\n\n\n<hr class=\"wp-block-separator has-alpha-channel-opacity\"\/>\n\n\n\n<h3 class=\"wp-block-heading\">Klare Zeitrahmen<\/h3>\n\n\n\n<ul class=\"wp-block-list\">\n<li>Meinungs\u00e4nderung: <strong>30 Tage ab Lieferung<\/strong><\/li>\n\n\n\n<li>Fehlerhafte \/ Falsche Artikel: <strong>30 Tage ab Lieferung<\/strong><\/li>\n\n\n\n<li>Verlorene Gegenst\u00e4nde: <strong>30 Tage ab Bestelldatum<\/strong><\/li>\n<\/ul>\n\n\n\n<hr class=\"wp-block-separator has-alpha-channel-opacity\"\/>\n\n\n\n<h3 class=\"wp-block-heading\">Bearbeitungszeit f\u00fcr R\u00fcckerstattungen<\/h3>\n\n\n\n<p>R\u00fcckerstattungen werden innerhalb von <strong>10 Werktage<\/strong> Nach Eingang der R\u00fccksendung erhalten Sie eine Benachrichtigung per E-Mail, sobald die Bearbeitung abgeschlossen ist.<\/p>\n\n\n\n<hr class=\"wp-block-separator has-alpha-channel-opacity\"\/>\n\n\n\n<h3 class=\"wp-block-heading\">R\u00fcckerstattungsmethode<\/h3>\n\n\n\n<p>R\u00fcckerstattungen werden an die <strong>urspr\u00fcngliche Zahlungsmethode<\/strong>. Sollte diese Option nicht verf\u00fcgbar sein, werden wir uns mit Ihnen in Verbindung setzen, um eine Alternative zu vereinbaren.<\/p>\n\n\n\n<hr class=\"wp-block-separator has-alpha-channel-opacity\"\/>\n\n\n\n<h3 class=\"wp-block-heading\">Wichtige Hinweise<\/h3>\n\n\n\n<ul class=\"wp-block-list\">\n<li>Die Artikel m\u00fcssen unbenutzt sein und die Originaletiketten und -verpackung aufweisen.<\/li>\n\n\n\n<li>Artikel, die in nicht wiederverkaufsf\u00e4higem Zustand zur\u00fcckgesendet werden, k\u00f6nnen abgelehnt oder nur teilweise erstattet werden.<\/li>\n<\/ul>","protected":false},"excerpt":{"rendered":"<p>At Footballuniver, your satisfaction is our top priority! We understand that shopping online can sometimes be tricky, so we are committed to ensuring that your experience with us is smooth and worry-free. If for any reason you\u2019re not happy with your purchase, we\u2019re here to help. Eligibility for Returns If you&#8217;re not fully satisfied with [&hellip;]<\/p>\n","protected":false},"author":1,"featured_media":0,"parent":0,"menu_order":0,"comment_status":"closed","ping_status":"closed","template":"","meta":{"footnotes":""},"class_list":["post-24649","page","type-page","status-publish","hentry"],"jetpack_sharing_enabled":true,"_links":{"self":[{"href":"https:\/\/footballuniver.com\/de\/wp-json\/wp\/v2\/pages\/24649","targetHints":{"allow":["GET"]}}],"collection":[{"href":"https:\/\/footballuniver.com\/de\/wp-json\/wp\/v2\/pages"}],"about":[{"href":"https:\/\/footballuniver.com\/de\/wp-json\/wp\/v2\/types\/page"}],"author":[{"embeddable":true,"href":"https:\/\/footballuniver.com\/de\/wp-json\/wp\/v2\/users\/1"}],"replies":[{"embeddable":true,"href":"https:\/\/footballuniver.com\/de\/wp-json\/wp\/v2\/comments?post=24649"}],"version-history":[{"count":1,"href":"https:\/\/footballuniver.com\/de\/wp-json\/wp\/v2\/pages\/24649\/revisions"}],"predecessor-version":[{"id":24650,"href":"https:\/\/footballuniver.com\/de\/wp-json\/wp\/v2\/pages\/24649\/revisions\/24650"}],"wp:attachment":[{"href":"https:\/\/footballuniver.com\/de\/wp-json\/wp\/v2\/media?parent=24649"}],"curies":[{"name":"wp","href":"https:\/\/api.w.org\/{rel}","templated":true}]}}