{"id":191,"date":"2024-06-10T08:16:00","date_gmt":"2024-06-10T08:16:00","guid":{"rendered":"https:\/\/raw.githubusercontent.com\/drfuri\/demo-content\/main\/ecomus\/fashion\/images\/?page_id=191"},"modified":"2024-06-10T08:16:00","modified_gmt":"2024-06-10T08:16:00","slug":"terms-conditions","status":"publish","type":"page","link":"https:\/\/footballuniver.com\/es\/terms-conditions\/","title":{"rendered":"Condiciones generales"},"content":{"rendered":"<div data-elementor-type=\"wp-page\" data-elementor-id=\"191\" class=\"elementor elementor-191\" data-elementor-post-type=\"page\">\n\t\t\t\t<div class=\"elementor-element elementor-element-7046a722 e-flex e-con-boxed ecomus-responsive-column ecomus-tablet-column--default ecomus-responsive-column ecomus-mobile-column--default e-con e-parent\" data-id=\"7046a722\" data-element_type=\"container\" data-e-type=\"container\">\n\t\t\t\t\t<div class=\"e-con-inner\">\n\t\t<div class=\"elementor-element elementor-element-634d2eb0 e-con-full e-flex ecomus-responsive-column ecomus-tablet-column--default ecomus-responsive-column ecomus-mobile-column--default e-con e-child\" data-id=\"634d2eb0\" data-element_type=\"container\" data-e-type=\"container\">\n\t\t\t\t<\/div>\n\t\t<div class=\"elementor-element elementor-element-657831f0 e-con-full e-flex ecomus-responsive-column ecomus-tablet-column--default ecomus-responsive-column ecomus-mobile-column--default e-con e-child\" data-id=\"657831f0\" data-element_type=\"container\" data-e-type=\"container\">\n\t\t\t\t<div class=\"elementor-element elementor-element-5f493022 elementor-widget elementor-widget-ecomus-heading\" data-id=\"5f493022\" data-element_type=\"widget\" data-e-type=\"widget\" data-widget_type=\"ecomus-heading.default\">\n\t\t\t\t<div class=\"elementor-widget-container\">\n\t\t\t\t\t\t\t<div class=\"ecomus-heading-elementor\">\n\t\t\t\t<h5 class=\"ecomus-heading em-flex em-flex-align-center ecomus-heading--default\">\n\t\t\t\t\t\t\t\t\t\tCambios en las condiciones generales\n\t\t\t\t<\/h5>\n\t\t\t<\/div>\n\t\t\t\t\t\t<\/div>\n\t\t\t\t<\/div>\n\t\t\t\t<div class=\"elementor-element elementor-element-3e31e9d1 elementor-widget elementor-widget-text-editor\" data-id=\"3e31e9d1\" data-element_type=\"widget\" data-e-type=\"widget\" data-widget_type=\"text-editor.default\">\n\t\t\t\t\t\t\t\t\t<p>Podemos actualizar o modificar estos t\u00e9rminos y condiciones en cualquier momento sin previo aviso. El uso continuado de shop.company.com y shop.beetle.com.sg despu\u00e9s de dichas modificaciones constituye su aceptaci\u00f3n de los t\u00e9rminos revisados. Le aconsejamos que revise peri\u00f3dicamente estos t\u00e9rminos cada vez que visite nuestro sitio.<\/p>\t\t\t\t\t\t\t\t<\/div>\n\t\t\t\t<div class=\"elementor-element elementor-element-75bfc54 elementor-widget elementor-widget-ecomus-heading\" data-id=\"75bfc54\" data-element_type=\"widget\" data-e-type=\"widget\" data-widget_type=\"ecomus-heading.default\">\n\t\t\t\t<div class=\"elementor-widget-container\">\n\t\t\t\t\t\t\t<div class=\"ecomus-heading-elementor\">\n\t\t\t\t<h5 class=\"ecomus-heading em-flex em-flex-align-center ecomus-heading--default\">\n\t\t\t\t\t\t\t\t\t\tLimitaci\u00f3n de responsabilidad\n\t\t\t\t<\/h5>\n\t\t\t<\/div>\n\t\t\t\t\t\t<\/div>\n\t\t\t\t<\/div>\n\t\t\t\t<div class=\"elementor-element elementor-element-76cec16 elementor-widget elementor-widget-text-editor\" data-id=\"76cec16\" data-element_type=\"widget\" data-e-type=\"widget\" data-widget_type=\"text-editor.default\">\n\t\t\t\t\t\t\t\t\t<p>The Company Pte Ltd no asume responsabilidad alguna ni ser\u00e1 responsable de los da\u00f1os o los virus que puedan afectar a su ordenador, equipo de telecomunicaciones u otra propiedad suya como consecuencia del acceso, uso o navegaci\u00f3n por este sitio web, o de la descarga de cualquier material del mismo. NI THE COMPANY PRIVATE LIMITED NI SUS DIRECTIVOS, DIRECTORES, EMPLEADOS, ACCIONISTAS, AFILIADOS, AGENTES, SUCESORES, CESIONARIOS, SOCIOS MINORISTAS, NI NINGUNA DE LAS PARTES IMPLICADAS EN LA CREACI\u00d3N, PRODUCCI\u00d3N O TRANSMISI\u00d3N DE ESTE SITIO WEB SER\u00c1N RESPONSABLES DE NING\u00daN DA\u00d1O INDIRECTO, ESPECIAL, PUNITIVO, INCIDENTAL O CONSECUENTE, INCLUIDOS, ENTRE OTROS, LA P\u00c9RDIDA DE BENEFICIOS, LA P\u00c9RDIDA DE DATOS O LA INTERRUPCI\u00d3N DE LA ACTIVIDAD EMPRESARIAL, DERIVADOS DEL USO, LA IMPOSIBILIDAD DE USO O LOS RESULTADOS DEL USO DE ESTE SITIO WEB, DE CUALQUIER SITIO ENLAZADO O DE CUALQUIER MATERIAL, INFORMACI\u00d3N O SERVICIO CONTENIDO EN DICHOS SITIOS, INDEPENDIENTEMENTE DE QUE SE BASEN EN GARANT\u00cdAS, CONTRATOS, AGRAVIOS O CUALQUIER OTRA TEOR\u00cdA JUR\u00cdDICA, Y DE QUE SE HAYA ADVERTIDO O NO DE LA POSIBILIDAD DE TALES DA\u00d1OS. ESTAS LIMITACIONES DE RESPONSABILIDAD NO SE APLICAN EN LA MEDIDA EN QUE LO PROH\u00cdBA LA LEY; CONSULTE LA LEGISLACI\u00d3N LOCAL PARA CONOCER DICHAS PROHIBICIONES.<\/p><p>SI ENCUENTRA ALG\u00daN PROBLEMA CON ESTE SITIO WEB O SU CONTENIDO, SU \u00daNICO RECURSO ES DEJAR DE UTILIZAR EL SITIO. EN CASO DE PROBLEMAS CON PRODUCTOS O SERVICIOS ADQUIRIDOS A TRAV\u00c9S DE ESTE SITIO WEB, SU \u00daNICA SOLUCI\u00d3N ES TRATARLOS CON EL FABRICANTE O PROVEEDOR DE ACUERDO CON SU GARANT\u00cdA O SOLICITAR SU DEVOLUCI\u00d3N Y REEMBOLSO SEG\u00daN NUESTRA POL\u00cdTICA DE DEVOLUCIONES Y REEMBOLSOS. TENGA EN CUENTA QUE ESTE SITIO PUEDE CONTENER IMPRECISIONES O ERRORES, Y NO GARANTIZAMOS QUE EL CONTENIDO EST\u00c9 LIBRE DE ERRORES O NO SUFRA INTERRUPCIONES.<\/p>\t\t\t\t\t\t\t\t<\/div>\n\t\t\t\t<div class=\"elementor-element elementor-element-3cbfd28 elementor-widget elementor-widget-ecomus-heading\" data-id=\"3cbfd28\" data-element_type=\"widget\" data-e-type=\"widget\" data-widget_type=\"ecomus-heading.default\">\n\t\t\t\t<div class=\"elementor-widget-container\">\n\t\t\t\t\t\t\t<div class=\"ecomus-heading-elementor\">\n\t\t\t\t<h5 class=\"ecomus-heading em-flex em-flex-align-center ecomus-heading--default\">\n\t\t\t\t\t\t\t\t\t\tDerechos de autor y marcas registradas\t\t\t\t<\/h5>\n\t\t\t<\/div>\n\t\t\t\t\t\t<\/div>\n\t\t\t\t<\/div>\n\t\t\t\t<div class=\"elementor-element elementor-element-45a20b8 elementor-widget elementor-widget-text-editor\" data-id=\"45a20b8\" data-element_type=\"widget\" data-e-type=\"widget\" data-widget_type=\"text-editor.default\">\n\t\t\t\t\t\t\t\t\t<p>Todos los materiales de este sitio web, incluidos textos, im\u00e1genes, ilustraciones, software, clips de audio y v\u00eddeo y animaciones, est\u00e1n protegidos por los derechos de autor y de marca registrada de The Company Private Limited. Queda prohibido copiar, reproducir, modificar, distribuir o transmitir cualquier parte de este material sin nuestro consentimiento previo por escrito. Todos los derechos reservados.<\/p>\t\t\t\t\t\t\t\t<\/div>\n\t\t\t\t<div class=\"elementor-element elementor-element-00fa865 elementor-widget elementor-widget-ecomus-heading\" data-id=\"00fa865\" data-element_type=\"widget\" data-e-type=\"widget\" data-widget_type=\"ecomus-heading.default\">\n\t\t\t\t<div class=\"elementor-widget-container\">\n\t\t\t\t\t\t\t<div class=\"ecomus-heading-elementor\">\n\t\t\t\t<h5 class=\"ecomus-heading em-flex em-flex-align-center ecomus-heading--default\">\n\t\t\t\t\t\t\t\t\t\tProductos, contenido y especificaciones\t\t\t\t<\/h5>\n\t\t\t<\/div>\n\t\t\t\t\t\t<\/div>\n\t\t\t\t<\/div>\n\t\t\t\t<div class=\"elementor-element elementor-element-d36697b elementor-widget elementor-widget-text-editor\" data-id=\"d36697b\" data-element_type=\"widget\" data-e-type=\"widget\" data-widget_type=\"text-editor.default\">\n\t\t\t\t\t\t\t\t\t<p>Todos los materiales de este sitio web, incluidos textos, im\u00e1genes, ilustraciones, software, clips de audio y v\u00eddeo y animaciones, est\u00e1n protegidos por los derechos de autor y de marca registrada de The Company Private Limited. Queda prohibido copiar, reproducir, modificar, distribuir o transmitir cualquier parte de este material sin nuestro consentimiento previo por escrito. Todos los derechos reservados.<\/p>\t\t\t\t\t\t\t\t<\/div>\n\t\t\t\t<div class=\"elementor-element elementor-element-d9bff85 elementor-widget elementor-widget-ecomus-heading\" data-id=\"d9bff85\" data-element_type=\"widget\" data-e-type=\"widget\" data-widget_type=\"ecomus-heading.default\">\n\t\t\t\t<div class=\"elementor-widget-container\">\n\t\t\t\t\t\t\t<div class=\"ecomus-heading-elementor\">\n\t\t\t\t<h5 class=\"ecomus-heading em-flex em-flex-align-center ecomus-heading--default\">\n\t\t\t\t\t\t\t\t\t\tLimitaciones de env\u00edo\t\t\t\t<\/h5>\n\t\t\t<\/div>\n\t\t\t\t\t\t<\/div>\n\t\t\t\t<\/div>\n\t\t\t\t<div class=\"elementor-element elementor-element-ac020e8 elementor-widget elementor-widget-text-editor\" data-id=\"ac020e8\" data-element_type=\"widget\" data-e-type=\"widget\" data-widget_type=\"text-editor.default\">\n\t\t\t\t\t\t\t\t\t<p>Todos los materiales de este sitio web, incluidos textos, im\u00e1genes, ilustraciones, software, clips de audio y v\u00eddeo y animaciones, est\u00e1n protegidos por los derechos de autor y de marca registrada de The Company Private Limited. Queda prohibido copiar, reproducir, modificar, distribuir o transmitir cualquier parte de este material sin nuestro consentimiento previo por escrito. Todos los derechos reservados.<\/p>\t\t\t\t\t\t\t\t<\/div>\n\t\t\t\t<div class=\"elementor-element elementor-element-225d050 elementor-widget elementor-widget-ecomus-heading\" data-id=\"225d050\" data-element_type=\"widget\" data-e-type=\"widget\" data-widget_type=\"ecomus-heading.default\">\n\t\t\t\t<div class=\"elementor-widget-container\">\n\t\t\t\t\t\t\t<div class=\"ecomus-heading-elementor\">\n\t\t\t\t<h5 class=\"ecomus-heading em-flex em-flex-align-center ecomus-heading--default\">\n\t\t\t\t\t\t\t\t\t\tSu cuenta\t\t\t\t<\/h5>\n\t\t\t<\/div>\n\t\t\t\t\t\t<\/div>\n\t\t\t\t<\/div>\n\t\t\t\t<div class=\"elementor-element elementor-element-5561515 elementor-widget elementor-widget-text-editor\" data-id=\"5561515\" data-element_type=\"widget\" data-e-type=\"widget\" data-widget_type=\"text-editor.default\">\n\t\t\t\t\t\t\t\t\t<p>Todos los materiales de este sitio web, incluidos textos, im\u00e1genes, ilustraciones, software, clips de audio y v\u00eddeo y animaciones, est\u00e1n protegidos por los derechos de autor y de marca registrada de The Company Private Limited. Queda prohibido copiar, reproducir, modificar, distribuir o transmitir cualquier parte de este material sin nuestro consentimiento previo por escrito. Todos los derechos reservados.<\/p>\t\t\t\t\t\t\t\t<\/div>\n\t\t\t\t<div class=\"elementor-element elementor-element-f48c8e7 elementor-widget elementor-widget-ecomus-heading\" data-id=\"f48c8e7\" data-element_type=\"widget\" data-e-type=\"widget\" data-widget_type=\"ecomus-heading.default\">\n\t\t\t\t<div class=\"elementor-widget-container\">\n\t\t\t\t\t\t\t<div class=\"ecomus-heading-elementor\">\n\t\t\t\t<h5 class=\"ecomus-heading em-flex em-flex-align-center ecomus-heading--default\">\n\t\t\t\t\t\t\t\t\t\tPol\u00edtica de cambios y devoluciones (Tienda en l\u00ednea)\t\t\t\t<\/h5>\n\t\t\t<\/div>\n\t\t\t\t\t\t<\/div>\n\t\t\t\t<\/div>\n\t\t\t\t<div class=\"elementor-element elementor-element-0ff207c elementor-widget elementor-widget-text-editor\" data-id=\"0ff207c\" data-element_type=\"widget\" data-e-type=\"widget\" data-widget_type=\"text-editor.default\">\n\t\t\t\t\t\t\t\t\t<p>Todos los materiales de este sitio web, incluidos textos, im\u00e1genes, ilustraciones, software, clips de audio y v\u00eddeo y animaciones, est\u00e1n protegidos por los derechos de autor y de marca registrada de The Company Private Limited. Queda prohibido copiar, reproducir, modificar, distribuir o transmitir cualquier parte de este material sin nuestro consentimiento previo por escrito. Todos los derechos reservados.<\/p>\t\t\t\t\t\t\t\t<\/div>\n\t\t\t\t<\/div>\n\t\t<div class=\"elementor-element elementor-element-7e5342b2 e-con-full e-flex ecomus-responsive-column ecomus-tablet-column--default ecomus-responsive-column ecomus-mobile-column--default e-con e-child\" data-id=\"7e5342b2\" data-element_type=\"container\" data-e-type=\"container\">\n\t\t\t\t<\/div>\n\t\t\t\t\t<\/div>\n\t\t\t\t<\/div>\n\t\t\t\t<\/div>","protected":false},"excerpt":{"rendered":"<p>Changes to Terms and Conditions We may update or alter these terms and conditions at any time without prior notice. Continued use of shop.company.com and shop.beetle.com.sg after such modifications constitutes your acceptance of the revised terms. We advise you to periodically review these terms whenever you visit our site. Limitation of Liability The Company Pte [&hellip;]<\/p>\n","protected":false},"author":1,"featured_media":0,"parent":0,"menu_order":0,"comment_status":"closed","ping_status":"closed","template":"","meta":{"footnotes":""},"class_list":["post-191","page","type-page","status-publish","hentry"],"jetpack_sharing_enabled":true,"_links":{"self":[{"href":"https:\/\/footballuniver.com\/es\/wp-json\/wp\/v2\/pages\/191","targetHints":{"allow":["GET"]}}],"collection":[{"href":"https:\/\/footballuniver.com\/es\/wp-json\/wp\/v2\/pages"}],"about":[{"href":"https:\/\/footballuniver.com\/es\/wp-json\/wp\/v2\/types\/page"}],"author":[{"embeddable":true,"href":"https:\/\/footballuniver.com\/es\/wp-json\/wp\/v2\/users\/1"}],"replies":[{"embeddable":true,"href":"https:\/\/footballuniver.com\/es\/wp-json\/wp\/v2\/comments?post=191"}],"version-history":[{"count":0,"href":"https:\/\/footballuniver.com\/es\/wp-json\/wp\/v2\/pages\/191\/revisions"}],"wp:attachment":[{"href":"https:\/\/footballuniver.com\/es\/wp-json\/wp\/v2\/media?parent=191"}],"curies":[{"name":"wp","href":"https:\/\/api.w.org\/{rel}","templated":true}]}}