{"id":24651,"date":"2026-02-07T19:44:10","date_gmt":"2026-02-07T18:44:10","guid":{"rendered":"https:\/\/footballuniver.com\/?page_id=24651"},"modified":"2026-02-07T19:44:10","modified_gmt":"2026-02-07T18:44:10","slug":"privacy-policy-for-footballuniver","status":"publish","type":"page","link":"https:\/\/footballuniver.com\/fr\/privacy-policy-for-footballuniver\/","title":{"rendered":"Politique de confidentialit\u00e9 de Footballuniver"},"content":{"rendered":"<p>Cette politique de confidentialit\u00e9 d\u00e9crit comment <strong>Footballuniver<\/strong> (le \u201c Site \u201d, \u201c nous \u201d, \u201c notre \u201d ou \u201c nos \u201d) collecte, utilise et divulgue vos renseignements personnels lorsque vous visitez le Site ou y effectuez un achat.<\/p>\n\n\n\n<hr class=\"wp-block-separator has-alpha-channel-opacity\"\/>\n\n\n\n<h3 class=\"wp-block-heading\">Collecte d&#039;informations personnelles<\/h3>\n\n\n\n<p>Lorsque vous consultez le Site, nous recueillons certaines informations concernant votre appareil, votre interaction avec le Site et les informations n\u00e9cessaires au traitement de vos achats. Nous pouvons \u00e9galement recueillir des informations suppl\u00e9mentaires si vous nous contactez pour obtenir de l&#039;aide.<\/p>\n\n\n\n<p>Dans la pr\u00e9sente politique de confidentialit\u00e9, nous d\u00e9signons par \u00ab\u00a0information\u00a0\u00bb toute information concernant une personne physique identifiable (y compris les informations ci-dessous) <strong>\u201c Informations personnelles. \u201d<\/strong><\/p>\n\n\n\n<hr class=\"wp-block-separator has-alpha-channel-opacity\"\/>\n\n\n\n<h3 class=\"wp-block-heading\">Informations sur l&#039;appareil<\/h3>\n\n\n\n<p><strong>Objectif de la collecte\u00a0:<\/strong><br>Pour charger le site correctement et effectuer des analyses sur son utilisation afin d&#039;optimiser notre site web.<\/p>\n\n\n\n<p><strong>Source de la collecte :<\/strong><br>Collect\u00e9es automatiquement lorsque vous acc\u00e9dez \u00e0 notre Site via des cookies, des fichiers journaux, des balises Web, des tags ou des pixels.<\/p>\n\n\n\n<p><strong>Divulgation \u00e0 des fins commerciales\u00a0:<\/strong><br>Partag\u00e9 avec notre processeur <strong>Shopify<\/strong>.<\/p>\n\n\n\n<p><strong>Informations personnelles collect\u00e9es\u00a0:<\/strong><br>Version du navigateur Web, adresse IP, fuseau horaire, donn\u00e9es de cookies, pages ou produits consult\u00e9s, termes de recherche et comportement d&#039;interaction.<\/p>\n\n\n\n<hr class=\"wp-block-separator has-alpha-channel-opacity\"\/>\n\n\n\n<h3 class=\"wp-block-heading\">Informations sur la commande<\/h3>\n\n\n\n<p><strong>Objectif de la collecte\u00a0:<\/strong><br>Pour honorer les commandes, traiter les paiements, organiser l&#039;exp\u00e9dition, fournir des factures ou des confirmations de commande, communiquer avec les clients, d\u00e9tecter les fraudes ou les risques et, conform\u00e9ment \u00e0 vos pr\u00e9f\u00e9rences, envoyer des communications marketing.<\/p>\n\n\n\n<p><strong>Source de la collecte :<\/strong><br>Collect\u00e9 directement aupr\u00e8s de vous.<\/p>\n\n\n\n<p><strong>Divulgation \u00e0 des fins commerciales\u00a0:<\/strong><br>Partag\u00e9 avec Shopify et nos partenaires d&#039;exp\u00e9dition\/de traitement des commandes.<\/p>\n\n\n\n<p><strong>Informations personnelles collect\u00e9es\u00a0:<\/strong><br>Nom, adresse de facturation, adresse de livraison, informations de paiement (y compris les d\u00e9tails de la carte de cr\u00e9dit ou de PayPal), adresse e-mail et num\u00e9ro de t\u00e9l\u00e9phone.<\/p>\n\n\n\n<hr class=\"wp-block-separator has-alpha-channel-opacity\"\/>\n\n\n\n<h3 class=\"wp-block-heading\">Partage d&#039;informations personnelles<\/h3>\n\n\n\n<p>Nous partageons vos renseignements personnels avec des fournisseurs de services afin d\u2019assurer le fonctionnement de notre entreprise et d\u2019ex\u00e9cuter les contrats conclus avec vous. Par exemple\u00a0:<\/p>\n\n\n\n<ul class=\"wp-block-list\">\n<li><strong>Shopify<\/strong>, qui alimente notre boutique en ligne<br>Apprendre encore plus: <a href=\"https:\/\/www.shopify.com\/legal\/privacy\">https:\/\/www.shopify.com\/legal\/privacy<\/a><\/li>\n\n\n\n<li>Les autorit\u00e9s l\u00e9gales et r\u00e9glementaires lorsque la loi, une assignation \u00e0 compara\u00eetre, une ordonnance judiciaire l&#039;exige ou pour prot\u00e9ger nos droits<\/li>\n<\/ul>\n\n\n\n<hr class=\"wp-block-separator has-alpha-channel-opacity\"\/>\n\n\n\n<h3 class=\"wp-block-heading\">Utilisation des informations personnelles<\/h3>\n\n\n\n<p>Nous utilisons vos informations personnelles pour\u00a0:<\/p>\n\n\n\n<ul class=\"wp-block-list\">\n<li>Proposer et vendre des produits<\/li>\n\n\n\n<li>Traiter les paiements<\/li>\n\n\n\n<li>Exp\u00e9dition et traitement des commandes<\/li>\n\n\n\n<li>Communiquer les mises \u00e0 jour de commande<\/li>\n\n\n\n<li>Vous informer des nouveaux produits, services ou promotions<\/li>\n<\/ul>\n\n\n\n<hr class=\"wp-block-separator has-alpha-channel-opacity\"\/>\n\n\n\n<h3 class=\"wp-block-heading\">Cookies<\/h3>\n\n\n\n<p>Un cookie est un petit fichier de donn\u00e9es plac\u00e9 sur votre appareil lorsque vous visitez le Site. Nous utilisons\u00a0:<\/p>\n\n\n\n<ul class=\"wp-block-list\">\n<li>Cookies fonctionnels<\/li>\n\n\n\n<li>Cookies de performance<\/li>\n\n\n\n<li>Cookies publicitaires<\/li>\n\n\n\n<li>Cookies de r\u00e9seaux sociaux ou de contenu<\/li>\n<\/ul>\n\n\n\n<p>Les cookies permettent de m\u00e9moriser vos pr\u00e9f\u00e9rences (telles que votre identifiant et votre r\u00e9gion) et d&#039;am\u00e9liorer votre exp\u00e9rience de navigation.<\/p>\n\n\n\n<hr class=\"wp-block-separator has-alpha-channel-opacity\"\/>\n\n\n\n<h3 class=\"wp-block-heading\">Types de cookies<\/h3>\n\n\n\n<ul class=\"wp-block-list\">\n<li><strong>Cookies de session\u00a0:<\/strong> Expire \u00e0 la fin de la navigation<\/li>\n\n\n\n<li><strong>Cookies persistants\u00a0:<\/strong> Rester en place jusqu&#039;\u00e0 suppression ou expiration (30 minutes \u00e0 2 ans)<\/li>\n<\/ul>\n\n\n\n<p><strong>Gestion des cookies<\/strong><br>La plupart des navigateurs acceptent automatiquement les cookies. Vous pouvez les g\u00e9rer via les param\u00e8tres de votre navigateur (\u201c\u00a0Outils\u00a0\u201d ou \u201c\u00a0Pr\u00e9f\u00e9rences\u00a0\u201d).<br>Pour plus d&#039;informations\u00a0: <a href=\"http:\/\/www.allaboutcookies.org\">www.allaboutcookies.org<\/a><\/p>\n\n\n\n<p>\u26a0\ufe0f Le blocage des cookies peut affecter le fonctionnement du site et ne permet pas d&#039;emp\u00eacher tout suivi par des tiers.<\/p>\n\n\n\n<hr class=\"wp-block-separator has-alpha-channel-opacity\"\/>\n\n\n\n<h3 class=\"wp-block-heading\">Ne pas suivre<\/h3>\n\n\n\n<p>Nous ne modifions pas nos pratiques de collecte de donn\u00e9es lorsqu&#039;un signal \u201c Ne pas suivre \u201d est d\u00e9tect\u00e9, car il n&#039;existe pas de norme sectorielle uniforme.<\/p>\n\n\n\n<hr class=\"wp-block-separator has-alpha-channel-opacity\"\/>\n\n\n\n<h3 class=\"wp-block-heading\">Modifications apport\u00e9es \u00e0 cette politique<\/h3>\n\n\n\n<p>Nous pouvons \u00eatre amen\u00e9s \u00e0 mettre \u00e0 jour la pr\u00e9sente politique de confidentialit\u00e9 de temps \u00e0 autre afin de refl\u00e9ter les changements op\u00e9rationnels, juridiques ou r\u00e9glementaires.<\/p>\n\n\n\n<hr class=\"wp-block-separator has-alpha-channel-opacity\"\/>\n\n\n\n<h3 class=\"wp-block-heading\">Nous contacter<\/h3>\n\n\n\n<p>Si vous avez des questions, souhaitez obtenir plus d&#039;informations ou d\u00e9poser une plainte, veuillez nous contacter \u00e0 l&#039;adresse suivante\u00a0:<br>\ud83d\udce7 <strong><a>support@footballuniver.com<\/a><\/strong><\/p>\n\n\n\n<p><\/p>","protected":false},"excerpt":{"rendered":"<p>This Privacy Policy describes how Footballuniver (the \u201cSite\u201d, \u201cwe\u201d, \u201cus\u201d, or \u201cour\u201d) collects, uses, and discloses your Personal Information when you visit or make a purchase from the Site. Collecting Personal Information When you visit the Site, we collect certain information about your device, your interaction with the Site, and information necessary to process your [&hellip;]<\/p>\n","protected":false},"author":1,"featured_media":0,"parent":0,"menu_order":0,"comment_status":"closed","ping_status":"closed","template":"","meta":{"footnotes":""},"class_list":["post-24651","page","type-page","status-publish","hentry"],"jetpack_sharing_enabled":true,"_links":{"self":[{"href":"https:\/\/footballuniver.com\/fr\/wp-json\/wp\/v2\/pages\/24651","targetHints":{"allow":["GET"]}}],"collection":[{"href":"https:\/\/footballuniver.com\/fr\/wp-json\/wp\/v2\/pages"}],"about":[{"href":"https:\/\/footballuniver.com\/fr\/wp-json\/wp\/v2\/types\/page"}],"author":[{"embeddable":true,"href":"https:\/\/footballuniver.com\/fr\/wp-json\/wp\/v2\/users\/1"}],"replies":[{"embeddable":true,"href":"https:\/\/footballuniver.com\/fr\/wp-json\/wp\/v2\/comments?post=24651"}],"version-history":[{"count":1,"href":"https:\/\/footballuniver.com\/fr\/wp-json\/wp\/v2\/pages\/24651\/revisions"}],"predecessor-version":[{"id":24652,"href":"https:\/\/footballuniver.com\/fr\/wp-json\/wp\/v2\/pages\/24651\/revisions\/24652"}],"wp:attachment":[{"href":"https:\/\/footballuniver.com\/fr\/wp-json\/wp\/v2\/media?parent=24651"}],"curies":[{"name":"wp","href":"https:\/\/api.w.org\/{rel}","templated":true}]}}