{"id":13047,"date":"2026-02-04T08:54:12","date_gmt":"2026-02-04T07:54:12","guid":{"rendered":"https:\/\/footballuniver.com\/product\/maldini-ac-milan-framed-signed-jersey\/"},"modified":"2026-02-04T08:54:13","modified_gmt":"2026-02-04T07:54:13","slug":"maldini-ac-milan-framed-signed-jersey","status":"publish","type":"product","link":"https:\/\/footballuniver.com\/fr\/product\/maldini-ac-milan-framed-signed-jersey\/","title":{"rendered":"Maldini AC Milan Maillot d\u00e9dicac\u00e9 encadr\u00e9"},"content":{"rendered":"","protected":false},"excerpt":{"rendered":"","protected":false},"featured_media":21034,"comment_status":"open","ping_status":"closed","template":"","meta":[],"product_brand":[],"product_cat":[195,233],"product_tag":[],"class_list":{"0":"post-13047","1":"product","2":"type-product","3":"status-publish","4":"has-post-thumbnail","6":"product_cat-ac-milan","7":"product_cat-signed-jersey","8":"tm-no-options","10":"first","11":"instock","12":"shipping-taxable","13":"purchasable","14":"product-type-variable"},"jetpack_sharing_enabled":true,"_links":{"self":[{"href":"https:\/\/footballuniver.com\/fr\/wp-json\/wp\/v2\/product\/13047","targetHints":{"allow":["GET"]}}],"collection":[{"href":"https:\/\/footballuniver.com\/fr\/wp-json\/wp\/v2\/product"}],"about":[{"href":"https:\/\/footballuniver.com\/fr\/wp-json\/wp\/v2\/types\/product"}],"replies":[{"embeddable":true,"href":"https:\/\/footballuniver.com\/fr\/wp-json\/wp\/v2\/comments?post=13047"}],"version-history":[{"count":0,"href":"https:\/\/footballuniver.com\/fr\/wp-json\/wp\/v2\/product\/13047\/revisions"}],"wp:featuredmedia":[{"embeddable":true,"href":"https:\/\/footballuniver.com\/fr\/wp-json\/wp\/v2\/media\/21034"}],"wp:attachment":[{"href":"https:\/\/footballuniver.com\/fr\/wp-json\/wp\/v2\/media?parent=13047"}],"wp:term":[{"taxonomy":"product_brand","embeddable":true,"href":"https:\/\/footballuniver.com\/fr\/wp-json\/wp\/v2\/product_brand?post=13047"},{"taxonomy":"product_cat","embeddable":true,"href":"https:\/\/footballuniver.com\/fr\/wp-json\/wp\/v2\/product_cat?post=13047"},{"taxonomy":"product_tag","embeddable":true,"href":"https:\/\/footballuniver.com\/fr\/wp-json\/wp\/v2\/product_tag?post=13047"}],"curies":[{"name":"wp","href":"https:\/\/api.w.org\/{rel}","templated":true}]}}